{"id":1937,"date":"2021-04-09T17:00:33","date_gmt":"2021-04-09T17:00:33","guid":{"rendered":"https:\/\/test.youreline.com\/comunicacion-a-traves-de-apartado-postal\/"},"modified":"2021-04-09T17:02:29","modified_gmt":"2021-04-09T17:02:29","slug":"comunicacion-a-traves-de-apartado-postal","status":"publish","type":"page","link":"https:\/\/test.youreline.com\/en\/comunicacion-a-traves-de-apartado-postal","title":{"rendered":"Comunicacion a traves de apartado postal"},"content":{"rendered":"[et_pb_section fb_built=&#8221;1&#8243; _builder_version=&#8221;4.0.6&#8243;][et_pb_row _builder_version=&#8221;4.0.6&#8243; custom_padding=&#8221;||4px|||&#8221;][et_pb_column type=&#8221;4_4&#8243; _builder_version=&#8221;3.25&#8243; custom_padding=&#8221;|||&#8221; custom_padding__hover=&#8221;|||&#8221;][et_pb_text _builder_version=&#8221;4.4.1&#8243; header_2_font=&#8221;Open Sans|700|||||||&#8221; header_2_text_align=&#8221;center&#8221; header_2_text_color=&#8221;#808080&#8243; header_2_font_size=&#8221;32px&#8221; custom_margin=&#8221;||0px||false|false&#8221;]\n<h2>Communication through post office box<\/h2>\n[\/et_pb_text][et_pb_divider color=&#8221;#808080&#8243; divider_weight=&#8221;2px&#8221; _builder_version=&#8221;4.0.6&#8243; module_alignment=&#8221;center&#8221; custom_margin=&#8221;10px||18px||false|false&#8221; custom_padding=&#8221;||||false|false&#8221;][\/et_pb_divider][\/et_pb_column][\/et_pb_row][et_pb_row _builder_version=&#8221;4.0.6&#8243; min_height=&#8221;223px&#8221;][et_pb_column type=&#8221;4_4&#8243; _builder_version=&#8221;3.25&#8243; custom_padding=&#8221;|||&#8221; custom_padding__hover=&#8221;|||&#8221;][et_pb_text _builder_version=&#8221;4.4.1&#8243; text_font=&#8221;||||||||&#8221; text_font_size=&#8221;16px&#8221; header_font=&#8221;||||||||&#8221; header_5_font=&#8221;|600|||||||&#8221; header_5_text_color=&#8221;#0c71c3&#8243; custom_padding=&#8221;||23px|||&#8221; hover_enabled=&#8221;0&#8243;]The regulation on the communication of irregular or illegal behavior, as well as the regulations on the protection of personal data guarantee the confidentiality of the complainant at all times. When you send us your communication by post office box, you must provide us with your contact information so that we can send you a proof of presentation and you will remain as an identified whistleblower.<\/p>\n<p>&nbsp;<\/p>\n<p>Due to the interest of the organization to adequately investigate the facts, we request that, in your communication, you provide us with the following information:<\/p>\n<p>1. When and where did the events take place?<\/p>\n<p>2. What is your relationship with the organization?<\/p>\n<ol>\n<li> Worker. <\/li>\n<li> Citizen. <\/li>\n<li> Provider. <\/li>\n<li> Contributor. <\/li>\n<li> Another relationship. <\/li>\n<\/ol>\n<p><label for = \"behavior\"> 3. Type of conduct. Please indicate the categories that best suit the nature of the communication: <\/label><\/p>\n<p><select name = \"behavior\" id = \"behavior\"><option value = \"Select an option:\"> Select an option: <\/option><option value = \"Crime of illegal trafficking of human organs\"> Crime of illegal trafficking of human organs <\/option><option value = \"Crime of trafficking in human beings\"> Crime of trafficking in human beings <\/option><option value = \"Crime of prostitution, sexual exploitation and corruption of minors\"> Crime of prostitution, sexual exploitation and corruption of minors <\/option><option value = \"Crime of discovery and disclosure of secrets and computer trespassing\"> Crime of discovery and disclosure of secrets and computer trespassing <\/option><option value = \"Fraud offenses (common, specific and improper)\"> Fraud offenses (common, specific and improper) <\/option><option value = \"Crime of execution frustration\"> Crime of execution frustration <\/option><option value = \"Insolvency offense punishable\"> Insolvency offense punishable <\/option><option value = \"Crime of computer damage\"> Crime of computer damage <\/option><option value = \"Crimes related to intellectual property\"> Crimes related to intellectual property <\/option><option value = \"Crimes related to industrial property\"> Crimes related to industrial property <\/option><option value = \"Crimes of disclosure of company secrets\"> Crimes of disclosure of company secrets <\/option><option value = \"Crimes against consumer rights\"> Crimes against consumer rights <\/option><option value = \"Crimes against the market\"> Crimes against the market <\/option><option value = \"Business corruption crimes\"> Business corruption crimes <\/option><option value = \"Money laundering crime\"> Money laundering crime <\/option><option value = \"Crime of illegal financing of political parties\"> Crime of illegal financing of political parties <\/option><option value = \"Crime against the Public Treasury: tax fraud\"> Crime against the Public Treasury: tax fraud <\/option><option value = \"Crime against Social Security\"> Crime against Social Security <\/option><option value = \"Grant Fraud Crime\"> Grant Fraud Crime <\/option><option value = \"Crime against the rights of foreign citizens\"> Crime against the rights of foreign citizens <\/option><option value = \"Unauthorized urbanization, construction and building offenses\"> Unauthorized urbanization, construction and building offenses <\/option><option value = \"Crimes against natural resources and the environment\"> Crimes against natural resources and the environment <\/option><option value = \"Crimes related to ionizing radiation\"> Crimes related to ionizing radiation <\/option><option value = \"Risk crimes caused by explosives and other agents\"> Risk crimes caused by explosives and other agents <\/option><option value = \"Crimes against public health\"> Crimes against public health <\/option><option value = \"Drug trafficking offense\"> Drug trafficking offense <\/option><option value = \"Crime of counterfeiting currency\"> Crime of counterfeiting currency <\/option><option value = \"Crime of forgery of credit and debit cards and travelers checks\"> Crime of forgery of credit and debit cards and travelers checks <\/option><option value = \"Bribery offense\"> Bribery offense <\/option><option value = \"Influence peddling offense\"> Influence peddling offense <\/option><option value = \"Crime of embezzlement\"> Crime of embezzlement <\/option><option value = \"Hate crime and glorification\"> Hate crime and glorification <\/option><option value = \"Crime of terrorist organizations and groups\"> Crime of terrorist organizations and groups <\/option><option value = \"Crime of terrorism\"> Crime of terrorism <\/option><option value = \"Smuggling crime\"> Smuggling crime <\/option><option value = \"Crime of genetic manipulation\"> Crime of genetic manipulation <\/option><option value = \"Crime of alteration of prices in competitions and public auctions\"> Crime of alteration of prices in competitions and public auctions <\/option><option value = \"Crime of obstruction of inspection or supervisory activity\"> Crime of obstruction of inspection or supervisory activity <\/option><option value = \"Crimes against workers 'rights\"> Crimes against workers&#8217; rights <\/option><option value = \"Crime of illicit association\"> Crime of illicit association <\/option><option value = \"I don't know what the specific crime is\"> I don&#8217;t know what the specific crime is <\/option><option value = \"Other\"> Other <\/option><\/select><br \/>\n&nbsp;<\/p>\n<p>4. Your contact details:<\/p>\n<ol>\n<li> Name. <\/li>\n<li> Surname. <\/li>\n<li> Email. <\/li>\n<li> Telephone number. <\/li>\n<li> Contact Time. <\/li>\n<\/ol>\n<p>5. Your communication will be received by the manager or commission in charge of receiving the communication in each organization. If you want the recipient of the communication to be another person external to this body due to a conflict of interest, please indicate this in your message.<\/p>\n<p>6. If witnesses are provided, identify them and the ways to communicate with them.<\/p>\n<p>7. You can attach the documentation or files that you consider necessary for the investigation of the facts.<\/p>\n<p>8. If you wish, you can request a face-to-face meeting with those responsible for the management of this channel designated by the corporation.<\/p>\n<p>You can send us the documentation to the following address:<\/p>\n<p><strong> Calle XXXXXXXX, 5 &#8211; XXXXX <\/strong><\/p>\n[\/et_pb_text][\/et_pb_column][\/et_pb_row][\/et_pb_section][et_pb_section fb_built=&#8221;1&#8243; _builder_version=&#8221;3.22&#8243;][et_pb_row disabled_on=&#8221;on|on|on&#8221; _builder_version=&#8221;3.25&#8243; custom_margin=&#8221;-68px|auto||416px||&#8221; disabled=&#8221;on&#8221;][et_pb_column type=&#8221;4_4&#8243; _builder_version=&#8221;3.25&#8243; custom_padding=&#8221;|||&#8221; custom_padding__hover=&#8221;|||&#8221;][et_pb_text _builder_version=&#8221;4.4.1&#8243; custom_margin=&#8221;-33px|||||&#8221;]\n<p>&nbsp;<\/p>\n<div role=\"form\" class=\"wpcf7\" id=\"wpcf7-f1019-o1\" lang=\"en-US\" dir=\"ltr\">\n<div class=\"screen-reader-response\"><\/div>\n<form action=\"\/?et_pb_preview=true&amp;et_pb_preview_nonce=0172256cb4&amp;iframe_id=et-fb-preview-1586082583133-477#wpcf7-f1019-o1\" method=\"post\" class=\"wpcf7-form\" enctype=\"multipart\/form-data\" novalidate=\"novalidate\">\n<div style=\"display: none;\"><input type=\"hidden\" name=\"_wpcf7\" value=\"1019\" \/> <input type=\"hidden\" name=\"_wpcf7_version\" value=\"5.1.7\" \/> <input type=\"hidden\" name=\"_wpcf7_locale\" value=\"en_US\" \/> <input type=\"hidden\" name=\"_wpcf7_unit_tag\" value=\"wpcf7-f1019-o1\" \/> <input type=\"hidden\" name=\"_wpcf7_container_post\" value=\"0\" \/> <input type=\"hidden\" name=\"_wpcf7cf_hidden_group_fields\" value=\"[]\" \/> <input type=\"hidden\" name=\"_wpcf7cf_hidden_groups\" value=\"[]\" \/> <input type=\"hidden\" name=\"_wpcf7cf_visible_groups\" value=\"[]\" \/> <input type=\"hidden\" name=\"_wpcf7cf_repeaters\" value=\"[]\" \/> <input type=\"hidden\" name=\"_wpcf7cf_steps\" value=\"{}\" \/> <input type=\"hidden\" name=\"_wpcf7cf_options\" value=\"{&quot;form_id&quot;:1019,&quot;conditions&quot;:[],&quot;settings&quot;:{&quot;animation&quot;:&quot;yes&quot;,&quot;animation_intime&quot;:200,&quot;animation_outtime&quot;:200,&quot;notice_dismissed&quot;:false}}\" \/><\/div>\n<div class=\"form-main\">\n<p>\u00bfCu\u00e1ndo y d\u00f3nde se produjeron los hechos?<\/p>\n<p><span class=\"wpcf7-form-control-wrap where_event\"><textarea name=\"where_event\" cols=\"40\" rows=\"3\" class=\"wpcf7-form-control wpcf7-textarea wpcf7-validates-as-required\" aria-required=\"true\" aria-invalid=\"false\"><\/textarea><\/span><\/p>\n<p>\u00a0\u00bfCu\u00e1l es su relaci\u00f3n con la organizaci\u00f3n?<\/p>\n<p><span class=\"wpcf7-form-control-wrap relationship\"><select name=\"relationship\" class=\"wpcf7-form-control wpcf7-select wpcf7-validates-as-required\" aria-required=\"true\" aria-invalid=\"false\"><option value=\"Seleccione una opci\u00f3n:\">Seleccione una opci\u00f3n:<\/option><option value=\"Trabajador\">Trabajador<\/option><option value=\"Ciudadano\">Ciudadano<\/option><option value=\"Proveedor\">Proveedor<\/option><option value=\"Colaborador\">Colaborador<\/option><option value=\"Otra relaci\u00f3n\">Otra relaci\u00f3n<\/option><\/select><\/span><\/p>\n<p>Tipo de conducta. Por favor, indique las categor\u00edas que mejor se adec\u00faen a la naturaleza de la comunicaci\u00f3n.<\/p>\n<p><span class=\"wpcf7-form-control-wrap type_conduct\"><select name=\"type_conduct\" class=\"wpcf7-form-control wpcf7-select wpcf7-validates-as-required\" aria-required=\"true\" aria-invalid=\"false\"><option value=\"Seleccione una opci\u00f3n:\">Seleccione una opci\u00f3n:<\/option><option value=\"Delitos\">Delitos<\/option><option value=\"dem\u00e1s\">dem\u00e1s<\/option><option value=\"No se cual es el delito concreto\">No se cual es el delito concreto<\/option><\/select><\/span><\/p>\n<h2>Sus datos de contacto:<\/h2>\n<div class=\"left-p\"><span class=\"wpcf7-form-control-wrap your-name\"><input type=\"text\" name=\"your-name\" value=\"\" size=\"40\" class=\"wpcf7-form-control wpcf7-text wpcf7-validates-as-required\" aria-required=\"true\" aria-invalid=\"false\" placeholder=\"Nombre\" \/><\/span><\/div>\n<div class=\"right-p\"><span class=\"wpcf7-form-control-wrap sur-name\"><input type=\"text\" name=\"sur-name\" value=\"\" size=\"40\" class=\"wpcf7-form-control wpcf7-text wpcf7-validates-as-required\" aria-required=\"true\" aria-invalid=\"false\" placeholder=\"Apellido\" \/><\/span><\/div>\n<div class=\"left-p\"><span class=\"wpcf7-form-control-wrap your-email\"><input type=\"email\" name=\"your-email\" value=\"\" size=\"40\" class=\"wpcf7-form-control wpcf7-text wpcf7-email wpcf7-validates-as-required wpcf7-validates-as-email\" aria-required=\"true\" aria-invalid=\"false\" placeholder=\"Correo Electr\u00f3nico\" \/><\/span><\/div>\n<div class=\"right-p\"><span class=\"wpcf7-form-control-wrap phone-number\"><input type=\"text\" name=\"phone-number\" value=\"\" size=\"40\" class=\"wpcf7-form-control wpcf7-text wpcf7-validates-as-required\" aria-required=\"true\" aria-invalid=\"false\" placeholder=\"Numero de Tel\u00e9fono\" \/><\/span><\/div>\n<p><span class=\"wpcf7-form-control-wrap hour-contact\"><input type=\"text\" name=\"hour-contact\" value=\"\" size=\"40\" class=\"wpcf7-form-control wpcf7-text wpcf7-validates-as-required\" aria-required=\"true\" aria-invalid=\"false\" placeholder=\"Hora de Contacto\" \/><\/span><\/p>\n<div class=\"contact-peragrp\">Su comunicaci\u00f3n ser\u00e1 recibida por el \u00d3rgano de Cumplimiento de___________ compuesto por ________________. Si desea que el receptor de la comunicaci\u00f3n sea otra persona externa a este \u00f3rgano, por favor ind\u00edquelo en su mensaje. <span class=\"wpcf7-form-control-wrap message\"><textarea name=\"message\" cols=\"40\" rows=\"4\" class=\"wpcf7-form-control wpcf7-textarea wpcf7-validates-as-required\" aria-required=\"true\" aria-invalid=\"false\"><\/textarea><\/span><\/div>\n<div class=\"contact-peragrp\">En caso de aportar testigos, identificar los mismos y las v\u00edas para poder comunicarnos con ellos.<\/div>\n<p><span class=\"wpcf7-form-control-wrap cus-filedtwo\"><input type=\"text\" name=\"cus-filedtwo\" value=\"\" size=\"40\" class=\"wpcf7-form-control wpcf7-text wpcf7-validates-as-required\" aria-required=\"true\" aria-invalid=\"false\" \/><\/span><\/p>\n<div class=\"contact-peragrp\">Puede adjuntar la documentaci\u00f3n o archivos que considere necesarios para la investigaci\u00f3n de los hechos.<\/div>\n<p><span class=\"wpcf7-form-control-wrap file-785\"><input type=\"file\" name=\"file-785\" size=\"40\" class=\"wpcf7-form-control wpcf7-file\" accept=\".pdf,.jpeg,.png,.doc\" aria-invalid=\"false\" \/><\/span><\/p>\n<div class=\"contact-peragrp\">Si lo desea, puede solicitar una reuni\u00f3n presencial con los responsables designados por la corporaci\u00f3n para la gesti\u00f3n de este canal.<\/div>\n<p><span class=\"wpcf7-form-control-wrap f2f-meeting\"><select name=\"f2f-meeting\" class=\"wpcf7-form-control wpcf7-select wpcf7-validates-as-required\" aria-required=\"true\" aria-invalid=\"false\"><option value=\"Seleccione una opci\u00f3n:\">Seleccione una opci\u00f3n:<\/option><option value=\"Si\">Si<\/option><option value=\"No\">No<\/option><\/select><\/span> <input type=\"submit\" value=\"Enviar\" class=\"wpcf7-form-control wpcf7-submit\" \/><span class=\"ajax-loader\"><\/span><\/p>\n<\/div>\n<div class=\"wpcf7-response-output wpcf7-display-none\"><\/div>\n<\/form>\n<\/div>\n<p>&nbsp;<\/p>\n[\/et_pb_text][\/et_pb_column][\/et_pb_row][\/et_pb_section]\n","protected":false},"excerpt":{"rendered":"<p>[et_pb_section fb_built=&#8221;1&#8243; _builder_version=&#8221;4.0.6&#8243;][et_pb_row _builder_version=&#8221;4.0.6&#8243; custom_padding=&#8221;||4px|||&#8221;][et_pb_column type=&#8221;4_4&#8243; _builder_version=&#8221;3.25&#8243; custom_padding=&#8221;|||&#8221; custom_padding__hover=&#8221;|||&#8221;][et_pb_text _builder_version=&#8221;4.4.1&#8243; header_2_font=&#8221;Open Sans|700|||||||&#8221; header_2_text_align=&#8221;center&#8221; header_2_text_color=&#8221;#808080&#8243; header_2_font_size=&#8221;32px&#8221; custom_margin=&#8221;||0px||false|false&#8221;] Communication through post office box [\/et_pb_text][et_pb_divider color=&#8221;#808080&#8243; divider_weight=&#8221;2px&#8221; _builder_version=&#8221;4.0.6&#8243; module_alignment=&#8221;center&#8221; custom_margin=&#8221;10px||18px||false|false&#8221; custom_padding=&#8221;||||false|false&#8221;][\/et_pb_divider][\/et_pb_column][\/et_pb_row][et_pb_row _builder_version=&#8221;4.0.6&#8243; min_height=&#8221;223px&#8221;][et_pb_column type=&#8221;4_4&#8243; _builder_version=&#8221;3.25&#8243; custom_padding=&#8221;|||&#8221; custom_padding__hover=&#8221;|||&#8221;][et_pb_text _builder_version=&#8221;4.4.1&#8243; text_font=&#8221;||||||||&#8221; text_font_size=&#8221;16px&#8221; header_font=&#8221;||||||||&#8221; header_5_font=&#8221;|600|||||||&#8221; header_5_text_color=&#8221;#0c71c3&#8243; custom_padding=&#8221;||23px|||&#8221; hover_enabled=&#8221;0&#8243;]The regulation on the communication of irregular or illegal behavior, as well as the [&hellip;]<\/p>\n","protected":false},"author":1,"featured_media":0,"parent":0,"menu_order":0,"comment_status":"closed","ping_status":"closed","template":"","meta":{"_et_pb_use_builder":"on","_et_pb_old_content":"","_et_gb_content_width":""},"_links":{"self":[{"href":"https:\/\/test.youreline.com\/en\/wp-json\/wp\/v2\/pages\/1937"}],"collection":[{"href":"https:\/\/test.youreline.com\/en\/wp-json\/wp\/v2\/pages"}],"about":[{"href":"https:\/\/test.youreline.com\/en\/wp-json\/wp\/v2\/types\/page"}],"author":[{"embeddable":true,"href":"https:\/\/test.youreline.com\/en\/wp-json\/wp\/v2\/users\/1"}],"replies":[{"embeddable":true,"href":"https:\/\/test.youreline.com\/en\/wp-json\/wp\/v2\/comments?post=1937"}],"version-history":[{"count":11,"href":"https:\/\/test.youreline.com\/en\/wp-json\/wp\/v2\/pages\/1937\/revisions"}],"predecessor-version":[{"id":1948,"href":"https:\/\/test.youreline.com\/en\/wp-json\/wp\/v2\/pages\/1937\/revisions\/1948"}],"wp:attachment":[{"href":"https:\/\/test.youreline.com\/en\/wp-json\/wp\/v2\/media?parent=1937"}],"curies":[{"name":"wp","href":"https:\/\/api.w.org\/{rel}","templated":true}]}}