{"id":1038,"date":"2020-03-19T11:13:53","date_gmt":"2020-03-19T11:13:53","guid":{"rendered":"http:\/\/app.mywebedit.com\/?page_id=1038"},"modified":"2025-03-26T14:42:01","modified_gmt":"2025-03-26T14:42:01","slug":"enviar-una-comunicacion","status":"publish","type":"page","link":"https:\/\/test.youreline.com\/es\/enviar-una-comunicacion","title":{"rendered":"Como enviar una comunicacion"},"content":{"rendered":"[et_pb_section fb_built=&#8221;1&#8243; module_id=&#8221;una-denuncia&#8221; _builder_version=&#8221;4.4.1&#8243; background_image=&#8221;http:\/\/app.mywebedit.com\/wp-content\/uploads\/2020\/03\/Background-1024&#215;354-1.jpg&#8221; min_height=&#8221;770px&#8221; custom_margin=&#8221;||-16px|||&#8221;][et_pb_row _builder_version=&#8221;4.0.6&#8243;][et_pb_column type=&#8221;4_4&#8243; _builder_version=&#8221;3.25&#8243; custom_padding=&#8221;|||&#8221; custom_padding__hover=&#8221;|||&#8221;][et_pb_text _builder_version=&#8221;4.0.6&#8243; header_2_font=&#8221;Open Sans|700|||||||&#8221; header_2_text_align=&#8221;center&#8221; header_2_text_color=&#8221;#808080&#8243; header_2_font_size=&#8221;32px&#8221; custom_margin=&#8221;||0px||false|false&#8221;]\n<h2>\u00bfC\u00d3MO ENVIAR UNA DENUNCIA?<\/h2>\n[\/et_pb_text][et_pb_divider color=&#8221;#808080&#8243; divider_weight=&#8221;2px&#8221; _builder_version=&#8221;3.19.15&#8243; max_width=&#8221;15%&#8221; module_alignment=&#8221;center&#8221; custom_margin=&#8221;10px||18px||false|false&#8221; custom_padding=&#8221;||||false|false&#8221;][\/et_pb_divider][et_pb_text _builder_version=&#8221;4.4.1&#8243; text_font=&#8221;Open Sans||||||||&#8221; text_text_color=&#8221;#333333&#8243; text_font_size=&#8221;16px&#8221; text_orientation=&#8221;center&#8221;]\n<p>\nPara una correcta gesti\u00f3n, las comunicaciones recibidas deben contener los datos necesarios para poder llevar a cabo el an\u00e1lisis de los hechos denunciados y deber\u00e1n:<\/p>\n[\/et_pb_text][\/et_pb_column][\/et_pb_row][et_pb_row column_structure=&#8221;1_2,1_2&#8243; module_class=&#8221;ok-icon&#8221; _builder_version=&#8221;4.4.1&#8243;][et_pb_column type=&#8221;1_2&#8243; _builder_version=&#8221;3.25&#8243; custom_padding=&#8221;|||&#8221; custom_padding__hover=&#8221;|||&#8221;][et_pb_text _builder_version=&#8221;4.4.1&#8243;]\n<ul>\n<li>Contener una explicaci\u00f3n de los hechos.<\/li>\n<li>Identificar a la\/s persona\/s involucrada\/s con el comportamiento denunciado o con conocimiento del mismo.<\/li>\n<li>Momento en el que ocurri\u00f3 o ha estado ocurriendo el hecho.<\/li>\n<\/ul>\n[\/et_pb_text][\/et_pb_column][et_pb_column type=&#8221;1_2&#8243; _builder_version=&#8221;3.25&#8243; custom_padding=&#8221;|||&#8221; custom_padding__hover=&#8221;|||&#8221;][et_pb_text _builder_version=&#8221;4.4.1&#8243; header_2_font=&#8221;Open Sans|700|||||||&#8221; header_2_text_align=&#8221;center&#8221; header_2_text_color=&#8221;#808080&#8243; header_2_font_size=&#8221;32px&#8221;]\n<ul>\n<li>Aportar, si se considera necesario, documentos, archivos u otra informaci\u00f3n que se estime relevante para la evaluaci\u00f3n y resoluci\u00f3n de la denuncia.<\/li>\n<li>Aportar m\u00e9todo de contacto para ampliar cualquier informaci\u00f3n adicional.<\/li>\n<\/ul>\n[\/et_pb_text][\/et_pb_column][\/et_pb_row][et_pb_row _builder_version=&#8221;4.4.1&#8243;][et_pb_column type=&#8221;4_4&#8243; _builder_version=&#8221;4.4.1&#8243;][et_pb_text _builder_version=&#8221;4.4.1&#8243; hover_enabled=&#8221;0&#8243;]\n<div class=\"et_pb_text_0\">\n<h2>\u00bfC\u00d3MO HACER EL SEGUIMIENTO DE LA DENUNCIA?<\/h2>\n<\/div>\n<div class=\"et_pb_module et_pb_divider et_pb_divider_0 et_pb_divider_position_ et_pb_space\">\n<div class=\"et_pb_divider_internal\"><\/div>\n<\/div>\n<p>Por cada denuncia interpuesta a trav\u00e9s de Your E-Line, se emitir\u00e1 un justificante de presentaci\u00f3n de la misma con un c\u00f3digo de seguimiento del estado de la denuncia. A trav\u00e9s del panel de seguimiento del estado de la denuncia, se podr\u00e1 aportar documentaci\u00f3n adicional o comunicarse de manera segura con el \u00f3rgano gestor de la misma sin que el informante o denunciante tenga obligaci\u00f3n de revelar su identidad.[\/et_pb_text][\/et_pb_column][\/et_pb_row][\/et_pb_section]\n","protected":false},"excerpt":{"rendered":"<p>[et_pb_section fb_built=&#8221;1&#8243; module_id=&#8221;una-denuncia&#8221; _builder_version=&#8221;4.4.1&#8243; background_image=&#8221;http:\/\/app.mywebedit.com\/wp-content\/uploads\/2020\/03\/Background-1024&#215;354-1.jpg&#8221; min_height=&#8221;770px&#8221; custom_margin=&#8221;||-16px|||&#8221;][et_pb_row _builder_version=&#8221;4.0.6&#8243;][et_pb_column type=&#8221;4_4&#8243; _builder_version=&#8221;3.25&#8243; custom_padding=&#8221;|||&#8221; custom_padding__hover=&#8221;|||&#8221;][et_pb_text _builder_version=&#8221;4.0.6&#8243; header_2_font=&#8221;Open Sans|700|||||||&#8221; header_2_text_align=&#8221;center&#8221; header_2_text_color=&#8221;#808080&#8243; header_2_font_size=&#8221;32px&#8221; custom_margin=&#8221;||0px||false|false&#8221;] \u00bfC\u00d3MO ENVIAR UNA DENUNCIA? [\/et_pb_text][et_pb_divider color=&#8221;#808080&#8243; divider_weight=&#8221;2px&#8221; _builder_version=&#8221;3.19.15&#8243; max_width=&#8221;15%&#8221; module_alignment=&#8221;center&#8221; custom_margin=&#8221;10px||18px||false|false&#8221; custom_padding=&#8221;||||false|false&#8221;][\/et_pb_divider][et_pb_text _builder_version=&#8221;4.4.1&#8243; text_font=&#8221;Open Sans||||||||&#8221; text_text_color=&#8221;#333333&#8243; text_font_size=&#8221;16px&#8221; text_orientation=&#8221;center&#8221;] Para una correcta gesti\u00f3n, las comunicaciones recibidas deben contener los datos necesarios para poder llevar a cabo el [&hellip;]<\/p>\n","protected":false},"author":1,"featured_media":0,"parent":0,"menu_order":0,"comment_status":"closed","ping_status":"closed","template":"","meta":{"_et_pb_use_builder":"on","_et_pb_old_content":"","_et_gb_content_width":""},"_links":{"self":[{"href":"https:\/\/test.youreline.com\/es\/wp-json\/wp\/v2\/pages\/1038"}],"collection":[{"href":"https:\/\/test.youreline.com\/es\/wp-json\/wp\/v2\/pages"}],"about":[{"href":"https:\/\/test.youreline.com\/es\/wp-json\/wp\/v2\/types\/page"}],"author":[{"embeddable":true,"href":"https:\/\/test.youreline.com\/es\/wp-json\/wp\/v2\/users\/1"}],"replies":[{"embeddable":true,"href":"https:\/\/test.youreline.com\/es\/wp-json\/wp\/v2\/comments?post=1038"}],"version-history":[{"count":16,"href":"https:\/\/test.youreline.com\/es\/wp-json\/wp\/v2\/pages\/1038\/revisions"}],"predecessor-version":[{"id":2114,"href":"https:\/\/test.youreline.com\/es\/wp-json\/wp\/v2\/pages\/1038\/revisions\/2114"}],"wp:attachment":[{"href":"https:\/\/test.youreline.com\/es\/wp-json\/wp\/v2\/media?parent=1038"}],"curies":[{"name":"wp","href":"https:\/\/api.w.org\/{rel}","templated":true}]}}