{"id":1189,"date":"2020-03-23T11:56:29","date_gmt":"2020-03-23T11:56:29","guid":{"rendered":"http:\/\/app.mywebedit.com\/?page_id=1189"},"modified":"2021-01-12T12:15:27","modified_gmt":"2021-01-12T12:15:27","slug":"aviso-legal","status":"publish","type":"page","link":"https:\/\/test.youreline.com\/es\/aviso-legal","title":{"rendered":"Aviso Legal"},"content":{"rendered":"[et_pb_section fb_built=&#8221;1&#8243; module_id=&#8221;una-denuncia&#8221; _builder_version=&#8221;3.22&#8243; hover_enabled=&#8221;0&#8243;][et_pb_row _builder_version=&#8221;4.0.6&#8243;][et_pb_column type=&#8221;4_4&#8243; _builder_version=&#8221;3.25&#8243; custom_padding=&#8221;|||&#8221; custom_padding__hover=&#8221;|||&#8221;][et_pb_text _builder_version=&#8221;4.4.1&#8243; header_2_font=&#8221;Open Sans|700|||||||&#8221; header_2_text_align=&#8221;center&#8221; header_2_text_color=&#8221;#808080&#8243; header_2_font_size=&#8221;32px&#8221; custom_margin=&#8221;||0px||false|false&#8221;]\n<h2>AVISO LEGAL<\/h2>\n[\/et_pb_text][et_pb_divider color=&#8221;#808080&#8243; divider_weight=&#8221;2px&#8221; _builder_version=&#8221;3.19.15&#8243; max_width=&#8221;15%&#8221; module_alignment=&#8221;center&#8221; custom_margin=&#8221;10px||18px||false|false&#8221; custom_padding=&#8221;||||false|false&#8221;][\/et_pb_divider][et_pb_text _builder_version=&#8221;4.4.1&#8243; text_font=&#8221;Open Sans||||||||&#8221; text_text_color=&#8221;#333333&#8243; text_font_size=&#8221;16px&#8221; text_orientation=&#8221;center&#8221;]\n<p style=\"text-align: center;\"><strong><\/strong><\/p>\n<p>&nbsp;<\/p>\n<p style=\"text-align: center;\">\n<p style=\"text-align: justify;\">En cumplimiento con lo dispuesto en la Ley 34\/2002, de 11 de julio, de Servicios de la Sociedad de la Informaci\u00f3n y de Comercio Electr\u00f3nico y de la normativa vigente en materia de protecci\u00f3n de datos, en especial, la Ley Org\u00e1nica 3\/2018, de 5 de diciembre, de Protecci\u00f3n de Datos Personales y Garant\u00eda de Derechos Digitales, se informa que <strong>el presente sitio web es propiedad del prestador del servicio<\/strong>:<\/p>\n<p>&nbsp;<\/p>\n<p style=\"text-align: justify;\">Ciberlegal Consulting S.L., con CIF B88012190 y con domicilio en calle Lagasca, 138, 2\u00ba izq., 28006 de Madrid. Tel\u00e9fono de contacto: +34 623 297 166. Correo electr\u00f3nico: <span><a href=\"mailto:info@youreline.com\">info@youreline.com<\/a><\/span><span style=\"font-size: 16px; text-align: center;\">\u00a0<\/span><\/p>\n<p style=\"text-align: justify;\"><span style=\"font-size: 16px; text-align: center;\">\u00a0<\/span><span><\/span><\/p>\n<p style=\"text-align: center;\"><strong>FINALIDAD DEL SITIO WEB<\/strong><\/p>\n<p>\u00a0<span style=\"font-size: 16px;\">\u00a0<\/span><\/p>\n<p style=\"text-align: justify;\">Your E-Line es un sitio web que funciona como canal de denuncias en el marco de lo establecido por la Directiva (UE) 2019\/1937 del Parlamento Europeo y del Consejo, de 23 de octubre de 2019, relativa a la protecci\u00f3n de las personas que informen sobre infracciones del Derecho de la Uni\u00f3n. Concretamente, Your E-Line ofrecer\u00e1 el servicio de canal de denuncias a las empresas, administraciones o entidades que lo hubiera contratado. A trav\u00e9s del canal de denuncias, los usuarios podr\u00e1n enviar comunicaciones sobre las irregularidades de las que tengan conocimiento en su \u00e1mbito laboral o profesional. Las denuncias se pueden formular mediante cuatro v\u00edas: telef\u00f3nica, formulario online, correo electr\u00f3nico y correo postal. Una vez recibidas las denuncias, si resulta procedente, se realizar\u00e1 una investigaci\u00f3n de los hechos, adoptando las medidas pertinentes en cada caso para resolver la denuncia. Se podr\u00e1n poner en conocimiento de las autoridades administrativas competentes, del Ministerio Fiscal o de la autoridad judicial aquellos hechos o conductas de los que se tenga noticia y en los que se observen indicios de la comisi\u00f3n de delito.<span style=\"font-size: 16px; text-align: center;\">\u00a0<\/span><\/p>\n<p style=\"text-align: justify;\">\n<p style=\"text-align: center;\"><strong>CONDICIONES DE USO<\/strong><\/p>\n<p>\u00a0<span style=\"font-size: 16px;\">\u00a0<\/span><\/p>\n<p style=\"text-align: center;\"><strong><\/strong><\/p>\n<p style=\"text-align: justify;\">El uso de este sitio web atribuye la condici\u00f3n de Usuario e implica la plena y expresa aceptaci\u00f3n de las condiciones que aqu\u00ed se exponen. Si por el motivo que fuere no est\u00e1 de acuerdo con estas condiciones no contin\u00fae usando esta web.<\/p>\n<p>&nbsp;<\/p>\n<p style=\"text-align: justify;\">El Usuario acepta las posibles actualizaciones de este sitio web, mediante la simple notificaci\u00f3n por escrito o por correo electr\u00f3nico remitidos por el prestador del servicio. El prestador del servicio podr\u00e1, por razones t\u00e9cnicas, econ\u00f3micas o de otra \u00edndole, alterar las citadas condiciones, as\u00ed como la mec\u00e1nica operativa de youreline.com o las condiciones de utilizaci\u00f3n de la web.<\/p>\n<p>&nbsp;<\/p>\n<p style=\"text-align: justify;\">El prestador del servicio se reserva el derecho a modificar en todo momento y sin previo aviso las presentes condiciones, t\u00e9rminos y pol\u00edticas de privacidad para adaptarlas a las novedades legislativas o jurisprudenciales as\u00ed como a las modificaciones o pr\u00e1cticas de la industria, debiendo el usuario consultar peri\u00f3dicamente las presentes condiciones y pol\u00edticas a fin de comprobar la existencia de cambios en las mismas, tomando como referencia la fecha de la \u00faltima actualizaci\u00f3n.<span style=\"font-size: 16px; text-align: center;\">\u00a0<\/span><\/p>\n<p style=\"text-align: justify;\">\n<p style=\"text-align: center;\"><strong>RESPONSABILIDAD<\/strong><\/p>\n<p>\u00a0<span style=\"font-size: 16px;\">\u00a0<\/span><\/p>\n<p style=\"text-align: center;\"><strong><\/strong><\/p>\n<p style=\"text-align: justify;\">Tanto el acceso al sitio web como el uso no consentido que pueda efectuarse de la informaci\u00f3n contenida en el mismo es de la exclusiva responsabilidad de quien lo realiza. El Usuario se compromete a utilizar los contenidos, informaci\u00f3n y datos del sitio web de conformidad con las presentes condiciones, t\u00e9rminos y pol\u00edticas, con la normativa de aplicaci\u00f3n y con las buenas costumbres generalmente aceptadas y el orden p\u00fablico. El Usuario se obliga a abstenerse de utilizar los contenidos del sitio web con fines o efectos il\u00edcitos, prohibidos o contrarios a los aqu\u00ed establecidos, lesivos de los derechos e intereses de del prestador del servicio, de los dem\u00e1s usuarios, de terceros o que de cualquier forma puedan da\u00f1ar, inutilizar, sobrecargar o deteriorar el presente sitio web o impedir la normal utilizaci\u00f3n o disfrute del mismo por parte de los Usuarios.<\/p>\n<p>&nbsp;<\/p>\n<p style=\"text-align: justify;\">El prestador del servicio no responder\u00e1 de ninguna consecuencia, da\u00f1o o perjuicio que pudiera derivarse de dicho acceso o uso o del incumplimiento de las presentes condiciones, t\u00e9rminos y pol\u00edticas ni se har\u00e1 responsable de los errores de seguridad que se puedan producir ni de los da\u00f1os que puedan causarse al sistema inform\u00e1tico del usuario (hardware y software) o a los ficheros o documentos almacenados en el mismo como consecuencia de:<\/p>\n<p>&nbsp;<\/p>\n<ul style=\"text-align: justify;\">\n<li>la presencia de un virus en el ordenador del usuario que sea utilizado para la conexi\u00f3n a los servicios y\/o productos ofrecidos por el prestador del servicio a trav\u00e9s de su sitio web<\/li>\n<li>un mal funcionamiento del navegador<\/li>\n<li>el uso de versiones no actualizadas del mismo.\u00a0<\/li>\n<\/ul>\n<p>\u00a0<span style=\"font-size: 16px;\">\u00a0<\/span><\/p>\n<p style=\"text-align: center;\"><strong>ENLACES A TERCEROS<\/strong><\/p>\n<p>&nbsp;<\/p>\n<p>&nbsp;<\/p>\n<p style=\"text-align: justify;\">En el presente sitio web se pueden utilizar enlaces con otras p\u00e1ginas o sitios web. El prestador del servicio no se responsabiliza ni del contenido ni de las medidas de seguridad adoptadas por cualquier otra p\u00e1gina o sitio web a trav\u00e9s del cual se tiene acceso desde el presente sitio web, sitios a los que accede el interesado bajo su exclusiva responsabilidad. Asimismo, tampoco se garantiza la ausencia de virus u otros elementos en los contenidos enlazados desde el Sitio Web de youreline.com\u00a0que puedan producir alteraciones en el sistema inform\u00e1tico (hardware y software) y\/o en los documentos o los ficheros del Usuario, excluyendo asimismo al prestador del servicio de toda responsabilidad derivada de los da\u00f1os de cualquier \u00edndole ocasionados por todo lo anterior.<span style=\"font-size: 16px; text-align: center;\">\u00a0<\/span><\/p>\n<p style=\"text-align: justify;\">\n<p style=\"text-align: center;\"><strong>PROPIEDAD INTELECTUAL E INDUSTRIAL<\/strong><\/p>\n<p>\u00a0<span style=\"font-size: 16px;\">\u00a0<\/span><\/p>\n<p style=\"text-align: center;\"><strong><\/strong><\/p>\n<p style=\"text-align: justify;\">El usuario reconoce y acepta que todos los derechos de propiedad industrial e intelectual sobre los contenidos y\/o cualesquiera otros elementos insertados en el presente sitio web pertenecen a Ciberlegal Consulting S.L. y\/o a terceros a los cuales les han cedido sus derechos. En ning\u00fan caso el acceso al sitio web implica alg\u00fan tipo de permiso, renuncia, transmisi\u00f3n, licencia o cesi\u00f3n total ni parcial de dichos derechos por parte de sus titulares, salvo que se establezca expresamente lo contrario. Los presentes t\u00e9rminos y condiciones de uso del sitio web no confieren a los Usuarios ning\u00fan otro derecho de utilizaci\u00f3n, alteraci\u00f3n, explotaci\u00f3n, reproducci\u00f3n, distribuci\u00f3n o comunicaci\u00f3n p\u00fablica del sitio web y\/o de sus contenidos distintos de los aqu\u00ed expresamente previstos.<\/p>\n<p>&nbsp;<\/p>\n<p style=\"text-align: justify;\">Queda terminantemente prohibida la utilizaci\u00f3n de tales elementos, su total o parcial reproducci\u00f3n, comunicaci\u00f3n y\/o distribuci\u00f3n con fines comerciales o lucrativos, as\u00ed como su modificaci\u00f3n, alteraci\u00f3n y\/o cualquier otro acto de explotaci\u00f3n del sitio web.<br \/> Sin perjuicio de todo lo anterior, si el Usuario o un tercero estima que alg\u00fan contenido del sitio web pudiera vulnerar derechos de propiedad intelectual e industrial, rogamos as\u00ed lo pongan en nuestro conocimiento a la mayor brevedad posible, remitiendo un correo electr\u00f3nico a la direcci\u00f3n\u00a0<span><a href=\"mailto:info@youreline.com\">info@youreline.com<\/a><\/span><span style=\"font-size: 16px; text-align: center;\">\u00a0<\/span><\/p>\n<p style=\"text-align: justify;\"><span><\/span><\/p>\n<h2 style=\"text-align: justify;\"><\/h2>\n<p>&nbsp;<\/p>\n<h2 style=\"text-align: center;\"><strong>LEGISLACI\u00d3N APLICABLE Y JURISDICCI\u00d3N<\/strong><\/h2>\n<p>&nbsp;<\/p>\n<p><strong><\/strong><\/p>\n<p>&nbsp;<\/p>\n<p style=\"text-align: justify;\">Las condiciones que rigen este sitio web y todas las relaciones que pudieran derivarse se encuentran sometidos a la jurisdicci\u00f3n espa\u00f1ola. Para cualquier litigio que pudiera surgir relacionado con el sitio web o la actividad que en \u00e9l se desarrolla ser\u00e1n competentes Juzgados y Tribunales de\u00a0Madrid, renunciando expresamente el usuario a cualquier otro fuero que pudiera corresponderle.<\/p>\n[\/et_pb_text][\/et_pb_column][\/et_pb_row][\/et_pb_section]\n","protected":false},"excerpt":{"rendered":"<p>[et_pb_section fb_built=&#8221;1&#8243; module_id=&#8221;una-denuncia&#8221; _builder_version=&#8221;3.22&#8243; hover_enabled=&#8221;0&#8243;][et_pb_row _builder_version=&#8221;4.0.6&#8243;][et_pb_column type=&#8221;4_4&#8243; _builder_version=&#8221;3.25&#8243; custom_padding=&#8221;|||&#8221; custom_padding__hover=&#8221;|||&#8221;][et_pb_text _builder_version=&#8221;4.4.1&#8243; header_2_font=&#8221;Open Sans|700|||||||&#8221; header_2_text_align=&#8221;center&#8221; header_2_text_color=&#8221;#808080&#8243; header_2_font_size=&#8221;32px&#8221; custom_margin=&#8221;||0px||false|false&#8221;] AVISO LEGAL [\/et_pb_text][et_pb_divider color=&#8221;#808080&#8243; divider_weight=&#8221;2px&#8221; _builder_version=&#8221;3.19.15&#8243; max_width=&#8221;15%&#8221; module_alignment=&#8221;center&#8221; custom_margin=&#8221;10px||18px||false|false&#8221; custom_padding=&#8221;||||false|false&#8221;][\/et_pb_divider][et_pb_text _builder_version=&#8221;4.4.1&#8243; text_font=&#8221;Open Sans||||||||&#8221; text_text_color=&#8221;#333333&#8243; text_font_size=&#8221;16px&#8221; text_orientation=&#8221;center&#8221;] &nbsp; En cumplimiento con lo dispuesto en la Ley 34\/2002, de 11 de julio, de Servicios de la Sociedad de la Informaci\u00f3n [&hellip;]<\/p>\n","protected":false},"author":1,"featured_media":0,"parent":0,"menu_order":0,"comment_status":"closed","ping_status":"closed","template":"","meta":{"_et_pb_use_builder":"on","_et_pb_old_content":"","_et_gb_content_width":""},"_links":{"self":[{"href":"https:\/\/test.youreline.com\/es\/wp-json\/wp\/v2\/pages\/1189"}],"collection":[{"href":"https:\/\/test.youreline.com\/es\/wp-json\/wp\/v2\/pages"}],"about":[{"href":"https:\/\/test.youreline.com\/es\/wp-json\/wp\/v2\/types\/page"}],"author":[{"embeddable":true,"href":"https:\/\/test.youreline.com\/es\/wp-json\/wp\/v2\/users\/1"}],"replies":[{"embeddable":true,"href":"https:\/\/test.youreline.com\/es\/wp-json\/wp\/v2\/comments?post=1189"}],"version-history":[{"count":5,"href":"https:\/\/test.youreline.com\/es\/wp-json\/wp\/v2\/pages\/1189\/revisions"}],"predecessor-version":[{"id":1833,"href":"https:\/\/test.youreline.com\/es\/wp-json\/wp\/v2\/pages\/1189\/revisions\/1833"}],"wp:attachment":[{"href":"https:\/\/test.youreline.com\/es\/wp-json\/wp\/v2\/media?parent=1189"}],"curies":[{"name":"wp","href":"https:\/\/api.w.org\/{rel}","templated":true}]}}