{"id":1196,"date":"2020-03-23T11:58:31","date_gmt":"2020-03-23T11:58:31","guid":{"rendered":"http:\/\/app.mywebedit.com\/?page_id=1196"},"modified":"2020-06-17T13:13:06","modified_gmt":"2020-06-17T13:13:06","slug":"politica-de-privacidad","status":"publish","type":"page","link":"https:\/\/test.youreline.com\/es\/politica-de-privacidad","title":{"rendered":"Pol\u00edtica de Privacidad"},"content":{"rendered":"[et_pb_section fb_built=&#8221;1&#8243; module_id=&#8221;una-denuncia&#8221; _builder_version=&#8221;3.22&#8243;][et_pb_row _builder_version=&#8221;4.0.6&#8243;][et_pb_column type=&#8221;4_4&#8243; _builder_version=&#8221;3.25&#8243; custom_padding=&#8221;|||&#8221; custom_padding__hover=&#8221;|||&#8221;][et_pb_text _builder_version=&#8221;4.4.1&#8243; header_2_font=&#8221;Open Sans|700|||||||&#8221; header_2_text_align=&#8221;center&#8221; header_2_text_color=&#8221;#808080&#8243; header_2_font_size=&#8221;32px&#8221; custom_margin=&#8221;||0px||false|false&#8221;]\n<h2>POL\u00cdTICA DE PRIVACIDAD<\/h2>\n[\/et_pb_text][et_pb_divider color=&#8221;#808080&#8243; divider_weight=&#8221;2px&#8221; _builder_version=&#8221;3.19.15&#8243; max_width=&#8221;15%&#8221; module_alignment=&#8221;center&#8221; custom_margin=&#8221;10px||18px||false|false&#8221; custom_padding=&#8221;||||false|false&#8221;][\/et_pb_divider][et_pb_text _builder_version=&#8221;4.4.1&#8243; text_font=&#8221;Open Sans||||||||&#8221; text_text_color=&#8221;#333333&#8243; text_font_size=&#8221;16px&#8221; text_orientation=&#8221;center&#8221;]\n<p style=\"text-align: justify;\"><strong><\/strong><\/p>\n<p style=\"text-align: center;\"><strong>Responsable del tratamiento:<\/strong><\/p>\n<p style=\"text-align: justify;\">Ciberlegal Consulting S.L., con CIF B88012190, con domicilio a efectos de notificaciones en calle Lagasca, 138, 2\u00ba izq, 28006 de Madrid.<\/p>\n<p style=\"text-align: justify;\">Correo electr\u00f3nico: <a href=\"mailto:info@youreline.com\">info@youreline.com<\/a><\/p>\n<p style=\"text-align: justify;\">El responsable garantiza la confidencialidad de los datos personales que se faciliten a trav\u00e9s de este sitio web en los t\u00e9rminos establecidos en el Reglamento 2016\/679 del Parlamento Europeo y del Consejo, de 27 de abril de 2016 (RGPD), relativo a la protecci\u00f3n de las personas f\u00edsicas en lo que respecta al tratamiento de datos personales y a la libre circulaci\u00f3n de estos datos, y tambi\u00e9n en los t\u00e9rminos del resto de normativa que sea aplicable, especialmente la Ley Org\u00e1nica 3\/2018, de 5 de diciembre, de Protecci\u00f3n de Datos Personales y garant\u00eda de los derechos digitales (LLOPDGDD) y la Directiva 2019\/1937 del Parlamento Europeo y del Consejo, de 23 de octubre de 2019, relativa a la protecci\u00f3n de las personas que informen sobre infracciones del Derecho de la Uni\u00f3n.<\/p>\n<p style=\"text-align: justify;\">\n<p style=\"text-align: center;\"><strong>Finalidades de tratamiento<\/strong><\/p>\n<ul style=\"text-align: justify;\">\n<li>Gesti\u00f3n de las denuncias recibidas a trav\u00e9s del canal. Se procesar\u00e1n las denuncias recibidas a trav\u00e9s a trav\u00e9s del formulario web, por correo electr\u00f3nico, apartado postal o por tel\u00e9fono, investigando los hechos y realizando cuantas gestiones resulten necesarias en relaci\u00f3n con el objeto de la denuncia.<\/li>\n<li>Gesti\u00f3n de consultas o incidencias. Se realizar\u00e1n aquellos tratamientos de datos necesarios para la atenci\u00f3n de la solicitud, resolviendo las consultas o incidencias que puedan plantearse respecto al funcionamiento del canal.<\/li>\n<li>Control inform\u00e1tico de la p\u00e1gina web. Se realizar\u00e1n aquellas actuaciones de vigilancia y control del uso de la p\u00e1gina web con el fin de prevenir y detectar cualquier utilizaci\u00f3n fraudulenta (como manipulaciones t\u00e9cnicas, modificaciones de c\u00f3digo\u2026), con el fin de evitar, prevenir y\/o detectar cualquier acceso no autorizado, alteraci\u00f3n o p\u00e9rdida de aquella informaci\u00f3n que pueda generar responsabilidades civiles, penales y\/o administrativas.<\/li>\n<\/ul>\n<p style=\"text-align: center;\"><strong>Legitimaci\u00f3n del tratamiento<\/strong><\/p>\n<p style=\"text-align: justify;\">La base jur\u00eddica de estos tratamientos es el consentimiento del interesado, otorgado a trav\u00e9s de los formularios habilitados en la web para el env\u00edo de comunicaciones o denuncias, mediante correo electr\u00f3nico o por tel\u00e9fono, as\u00ed como el inter\u00e9s leg\u00edtimo en gestionar y resolver las mismas.<\/p>\n<p style=\"text-align: center;\"><strong>Destinatarios de datos<\/strong><\/p>\n<p style=\"text-align: justify;\">Los datos de car\u00e1cter personal que, en su caso, se solicitan mediante los formularios correspondientes son los adecuados y necesarios para la finalidad para la cual se recogen. No ser\u00e1n utilizados con una finalidad distinta a aqu\u00e9lla para la cual han sido recogidos, y en ning\u00fan caso ser\u00e1n cedidos a terceras personas sin el consentimiento del titular, salvo en virtud de una obligaci\u00f3n legal.<\/p>\n<p style=\"text-align: center;\"><strong>Transferencias internacionales<\/strong><\/p>\n<p style=\"text-align: justify;\">No se prev\u00e9n transferencias internacionales de sus datos.<\/p>\n<p style=\"text-align: center;\"><strong>Plazos de conservaci\u00f3n <\/strong><\/p>\n<p style=\"text-align: justify;\">Los datos proporcionados a trav\u00e9s del canal de denuncias se conservar\u00e1n durante el tiempo que sea necesario para cumplir con la finalidad para la que se recogieron y para determinar las posibles responsabilidades civiles, penales o de cualquier otra naturaleza que puedan derivarse.<\/p>\n<p style=\"text-align: center;\"><strong>Derechos de interesados<\/strong><\/p>\n<ul style=\"text-align: justify;\">\n<li><strong>Derecho de acceso<\/strong>: El interesado tiene derecho a obtener la confirmaci\u00f3n de si sus datos est\u00e1n siendo objeto de tratamiento y acceder a los mismos. Tiene derecho, asimismo y entre otros, a solicitar informaci\u00f3n sobre la finalidad del tratamiento, las categor\u00edas de datos personales, los destinatarios a los que se comunican los datos, y el plazo de conservaci\u00f3n. Tambi\u00e9n sobre cu\u00e1l es su origen y si hay alguna decisi\u00f3n automatizada.<\/li>\n<li><strong>Derecho de rectificaci\u00f3n:<\/strong> El interesado tiene derecho a obtener la rectificaci\u00f3n de los datos personales cuando \u00e9stos sean inexactos o incompletos.<\/li>\n<li><strong>Derecho de supresi\u00f3n:<\/strong> El interesado tiene derecho a solicitar la supresi\u00f3n de sus datos personales cuando estos datos ya no sean necesarios en relaci\u00f3n con los fines para los que fueron recogidos o si considera que han sido tratados de otro modo;<\/li>\n<li><strong>Derecho de limitaci\u00f3n del tratamiento<\/strong>: En determinadas circunstancias, el interesado tiene derecho a obtener del responsable la limitaci\u00f3n del tratamiento de los datos, en cuyo caso solo se conservar\u00e1n los necesarios para el ejercicio o la defensa de reclamaciones.<\/li>\n<li><strong>Derecho a la portabilidad de los datos<\/strong>: El interesado tiene derecho a recibir sus datos personales, en un formato estructurado, de uso com\u00fan y de lectura mec\u00e1nica, y a transmitirlos a otro responsable en determinados supuestos. Dicha acci\u00f3n podr\u00eda conllevar un canon razonable a abonar por el interesado, en funci\u00f3n de los costes administrativos afrontados para satisfacer la solicitud, de conformidad con la normativa.<\/li>\n<li><strong>Derecho de oposici\u00f3n<\/strong> En determinadas circunstancias y por motivos relacionados con su situaci\u00f3n particular, el interesado tiene derecho a oponerse a que sus datos personales sean objeto de tratamiento, en cuyo caso se cesar\u00e1 en el tratamiento, salvo por motivos legales o el ejercicio o la defensa de posibles reclamaciones.<\/li>\n<\/ul>\n<p style=\"text-align: justify;\">En el caso de que desee ejercer cualesquiera de estos derechos o plantear alguna cuesti\u00f3n sobre la presente Pol\u00edtica, podr\u00e1 hacerlo mediante comunicaci\u00f3n escrita por correo electr\u00f3nico (<a href=\"mailto:info@youreline.com\">info@youreline.com<\/a>) o postal (calle Lagasca, 138, 2\u00ba izq, 28006 de Madrid), acompa\u00f1ada de copia del DNI o documento acreditativo de identidad y con indicaci\u00f3n de la solicitud correspondiente.<\/p>\n<p style=\"text-align: justify;\">En caso de no obtener satisfacci\u00f3n en el ejercicio de sus derechos, podr\u00e1 presentar una reclamaci\u00f3n ante la Agencia Espa\u00f1ola de Protecci\u00f3n de Datos (<a href=\"https:\/\/www.aepd.es\/es\">https:\/\/www.aepd.es\/es<\/a>).<\/p>\n<p style=\"text-align: justify;\"><strong>\u00a0<\/strong><\/p>\n<p style=\"text-align: center;\"><strong>POL\u00cdTICA DE COOKIES<\/strong><\/p>\n<p style=\"text-align: justify;\"><strong>\u00bfQu\u00e9 son las cookies?<\/strong><\/p>\n<p style=\"text-align: justify;\">Las cookies son peque\u00f1as cantidades de informaci\u00f3n que se almacenan en el navegador utilizado por cada usuario para que el servidor recuerde cierta informaci\u00f3n que posteriormente pueda utilizar. En general, estas tecnolog\u00edas pueden servir para finalidades muy diversas, como, por ejemplo, reconocerle como usuario, obtener informaci\u00f3n sobre sus h\u00e1bitos de navegaci\u00f3n, o personalizar la forma en que se muestra el contenido. Los usos concretos que se realizan en esta web se describen a continuaci\u00f3n.<\/p>\n<p style=\"text-align: center;\"><strong>\u00bfQu\u00e9 tipos de cookies se utilizan en esta p\u00e1gina web? <\/strong><\/p>\n<ul style=\"text-align: justify;\">\n<li><strong>De an\u00e1lisis:<\/strong> con la finalidad de mejorar la experiencia de usuario, estas cookies permiten obtener informaci\u00f3n sobre el n\u00famero de usuarios y otros datos de navegaci\u00f3n para realizar la medici\u00f3n y an\u00e1lisis estad\u00edstico de la utilizaci\u00f3n que hacen los usuarios del servicio ofertado.<\/li>\n<\/ul>\n<p style=\"text-align: justify;\">Las cookies no proporcionan por s\u00ed mismas informaci\u00f3n que permita identificar a la persona usuaria.<\/p>\n<p style=\"text-align: center;\"><strong>Cookies de terceros<\/strong><\/p>\n<p style=\"text-align: justify;\">Esta web utiliza cookies de terceros, y concretamente de <strong>Google Analytics<\/strong> que elabora informaci\u00f3n estad\u00edstica sobre la navegaci\u00f3n de los usuarios, a efectos de mejorar la experiencia. La informaci\u00f3n recogida mediante estas cookies de an\u00e1lisis es transferida a Google y archivada en sus servidores, de acuerdo con su pol\u00edtica de privacidad, que puede consultarse en este enlace:<\/p>\n<p style=\"text-align: justify;\"><a href=\"https:\/\/developers.google.com\/analytics\/devguides\/collection\/analyticsjs\/cookie-usage?hl=es&amp;csw=1\">https:\/\/developers.google.com\/analytics\/devguides\/collection\/analyticsjs\/cookie-usage?hl=es&amp;csw=1<\/a><\/p>\n<p style=\"text-align: center;\"><strong>Desactivaci\u00f3n o eliminaci\u00f3n de cookies<\/strong><\/p>\n<p style=\"text-align: justify;\">Puede usted permitir o bloquear las cookies, as\u00ed como borrar sus datos de navegaci\u00f3n (incluidas las cookies) desde el navegador que usted utiliza. Consulte las opciones e instrucciones que ofrece su navegador para ello. Bloquear su uso puede impedir que determinados servicios de este sitio web no est\u00e9n disponibles.<\/p>\n<p style=\"text-align: center;\"><strong>Transferencias internacionales<\/strong><\/p>\n<p style=\"text-align: justify;\">Puede informarse de las transferencias a terceros pa\u00edses que, en su caso, realizan los terceros identificados en esta pol\u00edtica de cookies en sus correspondientes pol\u00edticas (ver el enlace facilitado en el apartado \u201cCookies de terceros\u201d).<\/p>\n[\/et_pb_text][\/et_pb_column][\/et_pb_row][\/et_pb_section]\n","protected":false},"excerpt":{"rendered":"<p>[et_pb_section fb_built=&#8221;1&#8243; module_id=&#8221;una-denuncia&#8221; _builder_version=&#8221;3.22&#8243;][et_pb_row _builder_version=&#8221;4.0.6&#8243;][et_pb_column type=&#8221;4_4&#8243; _builder_version=&#8221;3.25&#8243; custom_padding=&#8221;|||&#8221; custom_padding__hover=&#8221;|||&#8221;][et_pb_text _builder_version=&#8221;4.4.1&#8243; header_2_font=&#8221;Open Sans|700|||||||&#8221; header_2_text_align=&#8221;center&#8221; header_2_text_color=&#8221;#808080&#8243; header_2_font_size=&#8221;32px&#8221; custom_margin=&#8221;||0px||false|false&#8221;] POL\u00cdTICA DE PRIVACIDAD [\/et_pb_text][et_pb_divider color=&#8221;#808080&#8243; divider_weight=&#8221;2px&#8221; _builder_version=&#8221;3.19.15&#8243; max_width=&#8221;15%&#8221; module_alignment=&#8221;center&#8221; custom_margin=&#8221;10px||18px||false|false&#8221; custom_padding=&#8221;||||false|false&#8221;][\/et_pb_divider][et_pb_text _builder_version=&#8221;4.4.1&#8243; text_font=&#8221;Open Sans||||||||&#8221; text_text_color=&#8221;#333333&#8243; text_font_size=&#8221;16px&#8221; text_orientation=&#8221;center&#8221;] Responsable del tratamiento: Ciberlegal Consulting S.L., con CIF B88012190, con domicilio a efectos de notificaciones en calle Lagasca, 138, 2\u00ba izq, 28006 [&hellip;]<\/p>\n","protected":false},"author":1,"featured_media":0,"parent":0,"menu_order":0,"comment_status":"closed","ping_status":"closed","template":"","meta":{"_et_pb_use_builder":"on","_et_pb_old_content":"","_et_gb_content_width":""},"_links":{"self":[{"href":"https:\/\/test.youreline.com\/es\/wp-json\/wp\/v2\/pages\/1196"}],"collection":[{"href":"https:\/\/test.youreline.com\/es\/wp-json\/wp\/v2\/pages"}],"about":[{"href":"https:\/\/test.youreline.com\/es\/wp-json\/wp\/v2\/types\/page"}],"author":[{"embeddable":true,"href":"https:\/\/test.youreline.com\/es\/wp-json\/wp\/v2\/users\/1"}],"replies":[{"embeddable":true,"href":"https:\/\/test.youreline.com\/es\/wp-json\/wp\/v2\/comments?post=1196"}],"version-history":[{"count":5,"href":"https:\/\/test.youreline.com\/es\/wp-json\/wp\/v2\/pages\/1196\/revisions"}],"predecessor-version":[{"id":1659,"href":"https:\/\/test.youreline.com\/es\/wp-json\/wp\/v2\/pages\/1196\/revisions\/1659"}],"wp:attachment":[{"href":"https:\/\/test.youreline.com\/es\/wp-json\/wp\/v2\/media?parent=1196"}],"curies":[{"name":"wp","href":"https:\/\/api.w.org\/{rel}","templated":true}]}}