{"id":1592,"date":"2020-04-15T04:59:35","date_gmt":"2020-04-15T04:59:35","guid":{"rendered":"http:\/\/test.youreline.com\/?page_id=1592"},"modified":"2020-06-17T09:58:07","modified_gmt":"2020-06-17T09:58:07","slug":"que-es-un-canal-etico","status":"publish","type":"page","link":"https:\/\/test.youreline.com\/es\/que-es-un-canal-etico","title":{"rendered":"Que es un canal etico"},"content":{"rendered":"[et_pb_section fb_built=&#8221;1&#8243; module_class=&#8221;ethical-channel&#8221; _builder_version=&#8221;4.4.1&#8243;][et_pb_row _builder_version=&#8221;4.4.1&#8243;][et_pb_column type=&#8221;4_4&#8243; _builder_version=&#8221;4.4.1&#8243;][et_pb_text _builder_version=&#8221;4.4.1&#8243; header_2_font=&#8221;Open Sans|700|||||||&#8221; header_2_text_align=&#8221;center&#8221; header_2_font_size=&#8221;32px&#8221; text_orientation=&#8221;center&#8221;]\n<h2>\u00bfQu\u00e9 es el canal \u00e9tico Your e-line?<\/h2>\n[\/et_pb_text][et_pb_divider color=&#8221;#000000&#8243; divider_weight=&#8221;2px&#8221; _builder_version=&#8221;4.4.1&#8243; max_width=&#8221;15%&#8221; module_alignment=&#8221;center&#8221;][\/et_pb_divider][et_pb_text _builder_version=&#8221;4.4.1&#8243; text_font=&#8221;Open Sans||||||||&#8221; text_text_color=&#8221;#666666&#8243; text_font_size=&#8221;16px&#8221; text_orientation=&#8221;center&#8221; hover_enabled=&#8221;0&#8243;]\n<p style=\"text-align: justify;\"><span style=\"color: #000000;\">A trav\u00e9s del canal Your e-line, cualquier usuario, empleado o persona interesada puede denunciar posibles delitos o conductas irregulares observadas dentro de la organizaci\u00f3n con la seguridad de que sus denuncias ser\u00e1n totalmente confidenciales.<\/span><\/p>\n<p style=\"text-align: justify;\"><span style=\"color: #000000;\"> Nuestro canal est\u00e1 adaptado a la Directiva (UE) 2019\/1937 de \u201cProtecci\u00f3n de las personas que informe sobre las infracciones del Derecho de la Uni\u00f3n\u201d, as\u00ed como a la normativa en materia de protecci\u00f3n de datos personales.<\/span><\/p>\n<p style=\"text-align: justify;\"><span style=\"color: #000000;\"> Nuestros sistemas est\u00e1n adaptados a los requisitos de la norma ISO 27001 de Seguridad de la Informaci\u00f3n, la ISO 2000 de Gesti\u00f3n de Servicios TI, la ISO 9001 de Sistemas de Gesti\u00f3n de Calidad y la ISO 22301 de Sistema de Gesti\u00f3n de la Continuidad de Negocio.<\/span><\/p>\n[\/et_pb_text][\/et_pb_column][\/et_pb_row][\/et_pb_section][et_pb_section fb_built=&#8221;1&#8243; _builder_version=&#8221;4.4.1&#8243; background_color=&#8221;#f15a25&#8243; custom_padding=&#8221;||5px|||&#8221;][et_pb_row column_structure=&#8221;1_2,1_2&#8243; module_class=&#8221;Scope-complaints&#8221; _builder_version=&#8221;4.4.1&#8243;][et_pb_column type=&#8221;1_2&#8243; _builder_version=&#8221;4.4.1&#8243;][et_pb_image src=&#8221;http:\/\/test.youreline.com\/wp-content\/uploads\/2020\/03\/home-office-01.jpg&#8221; align=&#8221;center&#8221; _builder_version=&#8221;4.4.1&#8243;][\/et_pb_image][\/et_pb_column][et_pb_column type=&#8221;1_2&#8243; _builder_version=&#8221;4.4.1&#8243;][et_pb_text _builder_version=&#8221;4.4.1&#8243; text_font=&#8221;Open Sans||||||||&#8221; text_text_color=&#8221;#ffffff&#8221; header_4_font=&#8221;Open Sans|600|||||||&#8221; header_4_text_color=&#8221;#ffffff&#8221; header_4_font_size=&#8221;20px&#8221; hover_enabled=&#8221;0&#8243;]\n<h4><\/h4>\n<h4><\/h4>\n<h4><\/h4>\n<h4><\/h4>\n<h4><\/h4>\n<h4>\u00c1mbito de las denuncias<\/h4>\n<p style=\"text-align: justify;\">Se podr\u00e1 comunicar cualquier posible irregularidad o incumplimiento de acuerdo a los programas de Compliance establecidos por cada organizaci\u00f3n.<\/p>\n<p style=\"text-align: justify;\">De conformidad con lo dispuesto en la Directiva (UE) 2019\/1937 de \u201cProtecci\u00f3n de las personas que informe sobre las infracciones del Derecho de la Uni\u00f3n\u201d, el marco de protecci\u00f3n a trav\u00e9s del canal \u201cYour e-line\u201d abarcar\u00e1 entidades p\u00fablicas y privadas y diferentes \u00e1mbitos de acuerdo con la regulaci\u00f3n aplicable.<\/p>\n[\/et_pb_text][\/et_pb_column][\/et_pb_row][\/et_pb_section][et_pb_section fb_built=&#8221;1&#8243; module_class=&#8221;submitting-complaint&#8221; _builder_version=&#8221;4.4.1&#8243;][et_pb_row _builder_version=&#8221;4.4.1&#8243;][et_pb_column type=&#8221;4_4&#8243; _builder_version=&#8221;4.4.1&#8243;][et_pb_text module_class=&#8221;ok-icon opel&#8221; _builder_version=&#8221;4.4.1&#8243; header_4_font=&#8221;Open Sans|600|||||||&#8221; header_4_font_size=&#8221;20px&#8221;]\n<h4>Requisitos para remitir una denuncia<\/h4>\n<p>Las comunicaciones dirigidas al canal, para que sean tomadas en consideraci\u00f3n y admitidas, deben cumplir los requisitos siguientes:<\/p>\n<ul>\n<li><i class=\"fa fa-check-square-o\" aria-hidden=\"true\"><br \/><\/i>Proporcionar toda la documentaci\u00f3n disponible sobre la situaci\u00f3n que se comunica, o indicios objetivos para obtener las pruebas, sin que se puedan emprender actuaciones fundamentadas solo en opiniones.<\/li>\n<li><i class=\"fa fa-check-square-o\" aria-hidden=\"true\"><\/i>Tener una certeza razonable de la informaci\u00f3n que se traslada, que debe tener especial transcendencia para la integridad de la organizaci\u00f3n.<\/li>\n<li><i class=\"fa fa-check-square-o\" aria-hidden=\"true\"><\/i>En cualquier caso, no se admitir\u00e1n las comunicaciones que carezcan de fundamento o sean notoriamente falsas.<\/li>\n<\/ul>\n[\/et_pb_text][\/et_pb_column][\/et_pb_row][\/et_pb_section]\n","protected":false},"excerpt":{"rendered":"<p>[et_pb_section fb_built=&#8221;1&#8243; module_class=&#8221;ethical-channel&#8221; _builder_version=&#8221;4.4.1&#8243;][et_pb_row _builder_version=&#8221;4.4.1&#8243;][et_pb_column type=&#8221;4_4&#8243; _builder_version=&#8221;4.4.1&#8243;][et_pb_text _builder_version=&#8221;4.4.1&#8243; header_2_font=&#8221;Open Sans|700|||||||&#8221; header_2_text_align=&#8221;center&#8221; header_2_font_size=&#8221;32px&#8221; text_orientation=&#8221;center&#8221;] \u00bfQu\u00e9 es el canal \u00e9tico Your e-line? [\/et_pb_text][et_pb_divider color=&#8221;#000000&#8243; divider_weight=&#8221;2px&#8221; _builder_version=&#8221;4.4.1&#8243; max_width=&#8221;15%&#8221; module_alignment=&#8221;center&#8221;][\/et_pb_divider][et_pb_text _builder_version=&#8221;4.4.1&#8243; text_font=&#8221;Open Sans||||||||&#8221; text_text_color=&#8221;#666666&#8243; text_font_size=&#8221;16px&#8221; text_orientation=&#8221;center&#8221; hover_enabled=&#8221;0&#8243;] A trav\u00e9s del canal Your e-line, cualquier usuario, empleado o persona interesada puede denunciar posibles delitos o conductas irregulares observadas dentro de [&hellip;]<\/p>\n","protected":false},"author":1,"featured_media":0,"parent":0,"menu_order":0,"comment_status":"closed","ping_status":"closed","template":"","meta":{"_et_pb_use_builder":"on","_et_pb_old_content":"","_et_gb_content_width":""},"_links":{"self":[{"href":"https:\/\/test.youreline.com\/es\/wp-json\/wp\/v2\/pages\/1592"}],"collection":[{"href":"https:\/\/test.youreline.com\/es\/wp-json\/wp\/v2\/pages"}],"about":[{"href":"https:\/\/test.youreline.com\/es\/wp-json\/wp\/v2\/types\/page"}],"author":[{"embeddable":true,"href":"https:\/\/test.youreline.com\/es\/wp-json\/wp\/v2\/users\/1"}],"replies":[{"embeddable":true,"href":"https:\/\/test.youreline.com\/es\/wp-json\/wp\/v2\/comments?post=1592"}],"version-history":[{"count":13,"href":"https:\/\/test.youreline.com\/es\/wp-json\/wp\/v2\/pages\/1592\/revisions"}],"predecessor-version":[{"id":1658,"href":"https:\/\/test.youreline.com\/es\/wp-json\/wp\/v2\/pages\/1592\/revisions\/1658"}],"wp:attachment":[{"href":"https:\/\/test.youreline.com\/es\/wp-json\/wp\/v2\/media?parent=1592"}],"curies":[{"name":"wp","href":"https:\/\/api.w.org\/{rel}","templated":true}]}}