{"id":526,"date":"2020-03-13T06:15:56","date_gmt":"2020-03-13T06:15:56","guid":{"rendered":"https:\/\/app.mywebedit.com\/\/?page_id=526"},"modified":"2020-09-24T15:44:14","modified_gmt":"2020-09-24T15:44:14","slug":"comunication-telefonica","status":"publish","type":"page","link":"https:\/\/test.youreline.com\/es\/comunication-telefonica","title":{"rendered":"Comunication telefonica"},"content":{"rendered":"[et_pb_section fb_built=&#8221;1&#8243; _builder_version=&#8221;4.0.6&#8243;][et_pb_row _builder_version=&#8221;3.25&#8243; max_width=&#8221;1200px&#8221; custom_padding=&#8221;99px|||||&#8221; use_custom_width=&#8221;on&#8221; custom_width_px=&#8221;1200px&#8221;][et_pb_column type=&#8221;4_4&#8243; _builder_version=&#8221;3.0.47&#8243; custom_padding=&#8221;|||&#8221; custom_padding__hover=&#8221;|||&#8221;][et_pb_text _builder_version=&#8221;4.4.1&#8243; header_2_font=&#8221;Open Sans|700|||||||&#8221; header_2_text_align=&#8221;center&#8221; header_2_text_color=&#8221;#808080&#8243; header_2_font_size=&#8221;32px&#8221; custom_margin=&#8221;||0px||false|false&#8221;]\n<h2>Comunicaci\u00f3n telef\u00f3nica<\/h2>\n[\/et_pb_text][et_pb_divider color=&#8221;#808080&#8243; divider_weight=&#8221;2px&#8221; _builder_version=&#8221;4.4.1&#8243; width=&#8221;41%&#8221; module_alignment=&#8221;center&#8221; custom_margin=&#8221;10px||18px||false|false&#8221; custom_padding=&#8221;||||false|false&#8221;][\/et_pb_divider][et_pb_text _builder_version=&#8221;4.4.1&#8243; text_font=&#8221;||||||||&#8221; text_font_size=&#8221;16px&#8221; max_width=&#8221;1200px&#8221; module_alignment=&#8221;center&#8221; custom_padding=&#8221;|2px||27px||&#8221;]\n<p style=\"text-align: justify;\">Your e-line pone a su disposici\u00f3n el tel\u00e9fono <a href=\"tel:+34 623 297 166\">+34 623 297 166<\/a> en horario de L-V (d\u00edas laborales) de 10 a 14 horas para el soporte en la redacci\u00f3n de las denuncias.<\/p>\n<p style=\"text-align: justify;\">Si nos comunica su denuncia v\u00eda telef\u00f3nica, se le remitir\u00e1 una transcripci\u00f3n de esta a la direcci\u00f3n mail que nos indique, para que pueda validar el contenido de la misma. Una vez validado el contenido, se le remitir\u00e1 un justificante de presentaci\u00f3n de la denuncia junto a un c\u00f3digo de seguimiento del estado de esta.<\/p>\n[\/et_pb_text][\/et_pb_column][\/et_pb_row][\/et_pb_section]\n","protected":false},"excerpt":{"rendered":"<p>[et_pb_section fb_built=&#8221;1&#8243; _builder_version=&#8221;4.0.6&#8243;][et_pb_row _builder_version=&#8221;3.25&#8243; max_width=&#8221;1200px&#8221; custom_padding=&#8221;99px|||||&#8221; use_custom_width=&#8221;on&#8221; custom_width_px=&#8221;1200px&#8221;][et_pb_column type=&#8221;4_4&#8243; _builder_version=&#8221;3.0.47&#8243; custom_padding=&#8221;|||&#8221; custom_padding__hover=&#8221;|||&#8221;][et_pb_text _builder_version=&#8221;4.4.1&#8243; header_2_font=&#8221;Open Sans|700|||||||&#8221; header_2_text_align=&#8221;center&#8221; header_2_text_color=&#8221;#808080&#8243; header_2_font_size=&#8221;32px&#8221; custom_margin=&#8221;||0px||false|false&#8221;] Comunicaci\u00f3n telef\u00f3nica [\/et_pb_text][et_pb_divider color=&#8221;#808080&#8243; divider_weight=&#8221;2px&#8221; _builder_version=&#8221;4.4.1&#8243; width=&#8221;41%&#8221; module_alignment=&#8221;center&#8221; custom_margin=&#8221;10px||18px||false|false&#8221; custom_padding=&#8221;||||false|false&#8221;][\/et_pb_divider][et_pb_text _builder_version=&#8221;4.4.1&#8243; text_font=&#8221;||||||||&#8221; text_font_size=&#8221;16px&#8221; max_width=&#8221;1200px&#8221; module_alignment=&#8221;center&#8221; custom_padding=&#8221;|2px||27px||&#8221;] Your e-line pone a su disposici\u00f3n el tel\u00e9fono +34 623 297 166 en horario de L-V (d\u00edas laborales) de 10 [&hellip;]<\/p>\n","protected":false},"author":1,"featured_media":0,"parent":0,"menu_order":0,"comment_status":"closed","ping_status":"closed","template":"","meta":{"_et_pb_use_builder":"on","_et_pb_old_content":"","_et_gb_content_width":""},"_links":{"self":[{"href":"https:\/\/test.youreline.com\/es\/wp-json\/wp\/v2\/pages\/526"}],"collection":[{"href":"https:\/\/test.youreline.com\/es\/wp-json\/wp\/v2\/pages"}],"about":[{"href":"https:\/\/test.youreline.com\/es\/wp-json\/wp\/v2\/types\/page"}],"author":[{"embeddable":true,"href":"https:\/\/test.youreline.com\/es\/wp-json\/wp\/v2\/users\/1"}],"replies":[{"embeddable":true,"href":"https:\/\/test.youreline.com\/es\/wp-json\/wp\/v2\/comments?post=526"}],"version-history":[{"count":26,"href":"https:\/\/test.youreline.com\/es\/wp-json\/wp\/v2\/pages\/526\/revisions"}],"predecessor-version":[{"id":1729,"href":"https:\/\/test.youreline.com\/es\/wp-json\/wp\/v2\/pages\/526\/revisions\/1729"}],"wp:attachment":[{"href":"https:\/\/test.youreline.com\/es\/wp-json\/wp\/v2\/media?parent=526"}],"curies":[{"name":"wp","href":"https:\/\/api.w.org\/{rel}","templated":true}]}}