{"id":529,"date":"2020-03-13T06:16:20","date_gmt":"2020-03-13T06:16:20","guid":{"rendered":"https:\/\/app.mywebedit.com\/\/?page_id=529"},"modified":"2020-06-17T14:01:21","modified_gmt":"2020-06-17T14:01:21","slug":"comunicacion-por-correo-electronico","status":"publish","type":"page","link":"https:\/\/test.youreline.com\/es\/comunicacion-por-correo-electronico","title":{"rendered":"Comunicacion por correo electronico"},"content":{"rendered":"[et_pb_section fb_built=&#8221;1&#8243; _builder_version=&#8221;4.0.6&#8243; custom_padding=&#8221;||0px|||&#8221;][et_pb_row _builder_version=&#8221;4.0.6&#8243;][et_pb_column type=&#8221;4_4&#8243; _builder_version=&#8221;3.25&#8243; custom_padding=&#8221;|||&#8221; custom_padding__hover=&#8221;|||&#8221;][et_pb_text _builder_version=&#8221;4.4.1&#8243; header_2_font=&#8221;Open Sans|700|||||||&#8221; header_2_text_align=&#8221;center&#8221; header_2_text_color=&#8221;#808080&#8243; header_2_font_size=&#8221;32px&#8221; custom_margin=&#8221;||0px||false|false&#8221;]\n<h2>Comunicaci\u00f3n por correo electr\u00f3nico<\/h2>\n[\/et_pb_text][et_pb_divider color=&#8221;#808080&#8243; divider_weight=&#8221;2px&#8221; _builder_version=&#8221;4.0.6&#8243; module_alignment=&#8221;center&#8221; custom_margin=&#8221;10px||18px||false|false&#8221; custom_padding=&#8221;||||false|false&#8221;][\/et_pb_divider][\/et_pb_column][\/et_pb_row][et_pb_row _builder_version=&#8221;4.0.6&#8243;][et_pb_column type=&#8221;4_4&#8243; _builder_version=&#8221;3.25&#8243; custom_padding=&#8221;|||&#8221; custom_padding__hover=&#8221;|||&#8221;][et_pb_text _builder_version=&#8221;4.4.1&#8243; text_font=&#8221;||||||||&#8221; text_font_size=&#8221;16px&#8221; header_font=&#8221;||||||||&#8221; header_5_font=&#8221;|600|||||||&#8221; header_5_text_color=&#8221;#0c71c3&#8243; hover_enabled=&#8221;0&#8243;]\n<p style=\"text-align: justify;\">La regulaci\u00f3n en materia de comunicaci\u00f3n de conductas irregulares o il\u00edcitas, as\u00ed como la normativa en materia de protecci\u00f3n de datos personales garantiza la confidencialidad del denunciante en todo momento. Al enviarnos su comunicaci\u00f3n por correo electr\u00f3nico, le remitiremos al mismo un justificante de presentaci\u00f3n y un enlace para el seguimiento del estado de la denuncia. Permanecer\u00e1 como alertador identificado.<\/p>\n<p>Debido al inter\u00e9s de la organizaci\u00f3n de investigar adecuadamente los hechos, le solicitamos que, en su comunicaci\u00f3n, nos facilite los siguientes datos:<\/p>\n[\/et_pb_text][\/et_pb_column][\/et_pb_row][\/et_pb_section][et_pb_section fb_built=&#8221;1&#8243; _builder_version=&#8221;3.22&#8243; custom_padding=&#8221;11px|||||&#8221;][et_pb_row _builder_version=&#8221;3.25&#8243;][et_pb_column type=&#8221;4_4&#8243; _builder_version=&#8221;3.25&#8243; custom_padding=&#8221;|||&#8221; custom_padding__hover=&#8221;|||&#8221;][et_pb_text _builder_version=&#8221;3.27.4&#8243;]<div role=\"form\" class=\"wpcf7\" id=\"wpcf7-f598-o1\" lang=\"en-US\" dir=\"ltr\">\n<div class=\"screen-reader-response\"><\/div>\n<form action=\"\/es\/wp-json\/wp\/v2\/pages\/529#wpcf7-f598-o1\" method=\"post\" class=\"wpcf7-form\" enctype=\"multipart\/form-data\" novalidate=\"novalidate\">\n<div style=\"display: none;\">\n<input type=\"hidden\" name=\"_wpcf7\" value=\"598\" \/>\n<input type=\"hidden\" name=\"_wpcf7_version\" value=\"5.1.7\" \/>\n<input type=\"hidden\" name=\"_wpcf7_locale\" value=\"en_US\" \/>\n<input type=\"hidden\" name=\"_wpcf7_unit_tag\" value=\"wpcf7-f598-o1\" \/>\n<input type=\"hidden\" name=\"_wpcf7_container_post\" value=\"0\" \/>\n<input type=\"hidden\" name=\"_wpcf7cf_hidden_group_fields\" value=\"\" \/>\n<input type=\"hidden\" name=\"_wpcf7cf_hidden_groups\" value=\"\" \/>\n<input type=\"hidden\" name=\"_wpcf7cf_visible_groups\" value=\"\" \/>\n<input type=\"hidden\" name=\"_wpcf7cf_repeaters\" value=\"[]\" \/>\n<input type=\"hidden\" name=\"_wpcf7cf_steps\" value=\"{}\" \/>\n<input type=\"hidden\" name=\"_wpcf7cf_options\" value=\"{&quot;form_id&quot;:598,&quot;conditions&quot;:[],&quot;settings&quot;:{&quot;animation&quot;:&quot;yes&quot;,&quot;animation_intime&quot;:200,&quot;animation_outtime&quot;:200,&quot;notice_dismissed&quot;:false}}\" \/>\n<input type=\"hidden\" name=\"g-recaptcha-response\" value=\"\" \/>\n<\/div>\n<div class=\"form-main\">\n<p>\u00bfD\u00f3nde se produjeron los hechos?<\/p>\n<span class=\"wpcf7-form-control-wrap where_event\"><textarea name=\"where_event\" cols=\"40\" rows=\"3\" class=\"wpcf7-form-control wpcf7-textarea wpcf7-validates-as-required\" aria-required=\"true\" aria-invalid=\"false\"><\/textarea><\/span>\n<p>\u00bfCu\u00e1l es su relaci\u00f3n con la organizaci\u00f3n?<\/p>\n<span class=\"wpcf7-form-control-wrap relationship\"><select name=\"relationship\" class=\"wpcf7-form-control wpcf7-select wpcf7-validates-as-required\" aria-required=\"true\" aria-invalid=\"false\"><option value=\"Seleccione una opci\u00f3n:\">Seleccione una opci\u00f3n:<\/option><option value=\"Trabajador\">Trabajador<\/option><option value=\"Ciudadano\">Ciudadano<\/option><option value=\"Proveedor\">Proveedor<\/option><option value=\"Colaborador\">Colaborador<\/option><option value=\"Otra relaci\u00f3n\">Otra relaci\u00f3n<\/option><\/select><\/span>\n<p>Tipo de conducta. Por favor, seleccione las categor\u00edas que mejor se adec\u00faen a la naturaleza de la comunicaci\u00f3n.<\/p>\n<span class=\"wpcf7-form-control-wrap type_conduct\"><select name=\"type_conduct\" class=\"wpcf7-form-control wpcf7-select wpcf7-validates-as-required\" aria-required=\"true\" aria-invalid=\"false\"><option value=\"Seleccione una opci\u00f3n:\">Seleccione una opci\u00f3n:<\/option><option value=\"Delito de tr\u00e1fico ilegal de \u00f3rganos humanos\">Delito de tr\u00e1fico ilegal de \u00f3rganos humanos<\/option><option value=\"Delito de trata de seres humanos\">Delito de trata de seres humanos<\/option><option value=\"Delito de prostituci\u00f3n, explotaci\u00f3n sexual y corrupci\u00f3n de menores\">Delito de prostituci\u00f3n, explotaci\u00f3n sexual y corrupci\u00f3n de menores<\/option><option value=\"Delito de descubrimiento y revelaci\u00f3n de secretos y allanamiento inform\u00e1tico\">Delito de descubrimiento y revelaci\u00f3n de secretos y allanamiento inform\u00e1tico<\/option><option value=\"Delitos de estafa (comunes, espec\u00edficas e impropias)\">Delitos de estafa (comunes, espec\u00edficas e impropias)<\/option><option value=\"Delito de frustraci\u00f3n de la ejecuci\u00f3n\">Delito de frustraci\u00f3n de la ejecuci\u00f3n<\/option><option value=\"Delito de insolvencias punibles\">Delito de insolvencias punibles<\/option><option value=\"Delito de da\u00f1os inform\u00e1ticos\">Delito de da\u00f1os inform\u00e1ticos<\/option><option value=\"Delitos de relativos a la propiedad intelectual\">Delitos de relativos a la propiedad intelectual<\/option><option value=\"Delitos relativos a la propiedad industrial\">Delitos relativos a la propiedad industrial<\/option><option value=\"Delitos de revelaci\u00f3n de secretos de empresa\">Delitos de revelaci\u00f3n de secretos de empresa<\/option><option value=\"Delitos contra los derechos de los consumidores\">Delitos contra los derechos de los consumidores<\/option><option value=\"Delitos contra el mercado\">Delitos contra el mercado<\/option><option value=\"Delitos de corrupci\u00f3n en los negocios\">Delitos de corrupci\u00f3n en los negocios<\/option><option value=\"Delito de blanqueo de capitales\">Delito de blanqueo de capitales<\/option><option value=\"Delito de financiaci\u00f3n ilegal de partidos pol\u00edticos\">Delito de financiaci\u00f3n ilegal de partidos pol\u00edticos<\/option><option value=\"Delito contra la Hacienda P\u00fablica: fraude tributario\">Delito contra la Hacienda P\u00fablica: fraude tributario<\/option><option value=\"Delito contra la Seguridad Social\">Delito contra la Seguridad Social<\/option><option value=\"Delito de fraude de subvenciones\">Delito de fraude de subvenciones<\/option><option value=\"Delito contra los derechos de los ciudadanos extranjeros\">Delito contra los derechos de los ciudadanos extranjeros<\/option><option value=\"Delitos de urbanizaci\u00f3n, construcci\u00f3n y edificaci\u00f3n no autorizable\">Delitos de urbanizaci\u00f3n, construcci\u00f3n y edificaci\u00f3n no autorizable<\/option><option value=\"Delitos contra los recursos naturales y el medio ambiente\">Delitos contra los recursos naturales y el medio ambiente<\/option><option value=\"Delitos relativo a las radiaciones ionizantes\">Delitos relativo a las radiaciones ionizantes<\/option><option value=\"Delitos de riesgos provocados por explosivos y otros agentes\">Delitos de riesgos provocados por explosivos y otros agentes<\/option><option value=\"Delitos contra la salud p\u00fablica\">Delitos contra la salud p\u00fablica<\/option><option value=\"Delito de tr\u00e1fico de drogas\">Delito de tr\u00e1fico de drogas<\/option><option value=\"Delito de falsificaci\u00f3n de la moneda\">Delito de falsificaci\u00f3n de la moneda<\/option><option value=\"Delito de falsificaci\u00f3n de tarjetas de cr\u00e9dito y d\u00e9bito y cheques de viaje\">Delito de falsificaci\u00f3n de tarjetas de cr\u00e9dito y d\u00e9bito y cheques de viaje<\/option><option value=\"Delito de cohecho\">Delito de cohecho<\/option><option value=\"Delito de tr\u00e1fico de influencias\">Delito de tr\u00e1fico de influencias<\/option><option value=\"Delito de malversaci\u00f3n\">Delito de malversaci\u00f3n<\/option><option value=\"Delito de odio y enaltecimiento\">Delito de odio y enaltecimiento<\/option><option value=\"Delito de organizaciones y grupos terroristas\">Delito de organizaciones y grupos terroristas<\/option><option value=\"Delito de terrorismo\">Delito de terrorismo<\/option><option value=\"Delito de contrabando\">Delito de contrabando<\/option><option value=\"Delito de manipulaci\u00f3n gen\u00e9tica\">Delito de manipulaci\u00f3n gen\u00e9tica<\/option><option value=\"Delito de alteraci\u00f3n de precios en concursos y subastas p\u00fablicas\">Delito de alteraci\u00f3n de precios en concursos y subastas p\u00fablicas<\/option><option value=\"Delito de obstaculizaci\u00f3n de la actividad inspectora o supervisora\">Delito de obstaculizaci\u00f3n de la actividad inspectora o supervisora<\/option><option value=\"Delitos contra los derechos de los trabajadores\">Delitos contra los derechos de los trabajadores<\/option><option value=\"Delito de asociaci\u00f3n il\u00edcita\">Delito de asociaci\u00f3n il\u00edcita<\/option><option value=\"No se cu\u00e1l es el delito concreto\">No se cu\u00e1l es el delito concreto<\/option><option value=\"Otro\">Otro<\/option><\/select><\/span>\n<p>Sus datos de contacto:<\/p>\n<div class=\"left-p\">\n<span class=\"wpcf7-form-control-wrap your-name\"><input type=\"text\" name=\"your-name\" value=\"\" size=\"40\" class=\"wpcf7-form-control wpcf7-text wpcf7-validates-as-required\" aria-required=\"true\" aria-invalid=\"false\" placeholder=\"Nombre\" \/><\/span>\n<\/div>\n<div class=\"right-p\"><span class=\"wpcf7-form-control-wrap sur-name\"><input type=\"text\" name=\"sur-name\" value=\"\" size=\"40\" class=\"wpcf7-form-control wpcf7-text wpcf7-validates-as-required\" aria-required=\"true\" aria-invalid=\"false\" placeholder=\"Apellido\" \/><\/span><\/div>\n<div class=\"left-p\"><span class=\"wpcf7-form-control-wrap your-email\"><input type=\"email\" name=\"your-email\" value=\"\" size=\"40\" class=\"wpcf7-form-control wpcf7-text wpcf7-email wpcf7-validates-as-required wpcf7-validates-as-email\" aria-required=\"true\" aria-invalid=\"false\" placeholder=\"Correo Electr\u00f3nico\" \/><\/span><\/div>\n<div class=\"right-p\"><span class=\"wpcf7-form-control-wrap phone-number\"><input type=\"text\" name=\"phone-number\" value=\"\" size=\"40\" class=\"wpcf7-form-control wpcf7-text wpcf7-validates-as-required\" aria-required=\"true\" aria-invalid=\"false\" placeholder=\"Numero de Tel\u00e9fono\" \/><\/span><\/div>\n<span class=\"wpcf7-form-control-wrap hour-contact\"><input type=\"text\" name=\"hour-contact\" value=\"\" size=\"40\" class=\"wpcf7-form-control wpcf7-text wpcf7-validates-as-required\" aria-required=\"true\" aria-invalid=\"false\" placeholder=\"Hora de Contacto\" \/><\/span>\n\n<div class=\"contact-peragrp\">Su comunicaci\u00f3n ser\u00e1 recibida por el gestor o comisi\u00f3n encargada de recibir la comunicaci\u00f3n en cada organizaci\u00f3n. Si desea que el receptor de la comunicaci\u00f3n sea otra persona externa a este \u00f3rgano por conflicto de inter\u00e9s, por favor ind\u00edquelo en su mensaje.   \n<span class=\"wpcf7-form-control-wrap message\"><textarea name=\"message\" cols=\"40\" rows=\"4\" class=\"wpcf7-form-control wpcf7-textarea wpcf7-validates-as-required\" aria-required=\"true\" aria-invalid=\"false\"><\/textarea><\/span>\n<\/div>\n\n<div class=\"contact-peragrp\">En caso de aportar testigos, identificar los mismos y las v\u00edas para poder comunicarnos con ellos.<\/div>\n<span class=\"wpcf7-form-control-wrap cus-filedtwo\"><input type=\"text\" name=\"cus-filedtwo\" value=\"\" size=\"40\" class=\"wpcf7-form-control wpcf7-text wpcf7-validates-as-required\" aria-required=\"true\" aria-invalid=\"false\" \/><\/span>\n<div class=\"contact-peragrp\">Puede adjuntar la documentaci\u00f3n o archivos que considere necesarios para la investigaci\u00f3n de los hechos.<\/div>\n<span class=\"wpcf7-form-control-wrap file-785\"><input type=\"file\" name=\"file-785\" size=\"40\" class=\"wpcf7-form-control wpcf7-file\" accept=\".pdf,.jpeg,.png,.doc\" aria-invalid=\"false\" \/><\/span>\n<div class=\"contact-peragrp\">Si lo desea, puede solicitar una reuni\u00f3n presencial con los responsables designados por la corporaci\u00f3n para la gesti\u00f3n de este canal.<\/div>\n<span class=\"wpcf7-form-control-wrap f2f-meeting\"><select name=\"f2f-meeting\" class=\"wpcf7-form-control wpcf7-select wpcf7-validates-as-required\" aria-required=\"true\" aria-invalid=\"false\"><option value=\"Seleccione una opci\u00f3n:\">Seleccione una opci\u00f3n:<\/option><option value=\"Si\">Si<\/option><option value=\"No\">No<\/option><\/select><\/span>\n<div class=\"wpcf7-form-control-wrap\"><div data-sitekey=\"6LeFGegUAAAAABUBEDoNnao079flrRltJW0tBfKD\" data-align=\"right\" class=\"wpcf7-form-control g-recaptcha wpcf7-recaptcha\"><\/div>\r\n<noscript>\r\n\t<div class=\"grecaptcha-noscript\">\r\n\t\t<iframe src=\"https:\/\/www.google.com\/recaptcha\/api\/fallback?k=6LeFGegUAAAAABUBEDoNnao079flrRltJW0tBfKD\" frameborder=\"0\" scrolling=\"no\" width=\"310\" height=\"430\">\r\n\t\t<\/iframe>\r\n\t\t<textarea name=\"g-recaptcha-response\" rows=\"3\" cols=\"40\" placeholder=\"Aqu\u00ed la respuesta de reCAPTCHA\">\r\n\t\t<\/textarea>\r\n\t<\/div>\r\n<\/noscript>\r\n<\/div>\n<input type=\"submit\" value=\"Enviar\" class=\"wpcf7-form-control wpcf7-submit\" \/>\n<\/div><div class=\"wpcf7-response-output wpcf7-display-none\"><\/div><\/form><\/div>[\/et_pb_text][\/et_pb_column][\/et_pb_row][\/et_pb_section]\n","protected":false},"excerpt":{"rendered":"<p>[et_pb_section fb_built=&#8221;1&#8243; _builder_version=&#8221;4.0.6&#8243; custom_padding=&#8221;||0px|||&#8221;][et_pb_row _builder_version=&#8221;4.0.6&#8243;][et_pb_column type=&#8221;4_4&#8243; _builder_version=&#8221;3.25&#8243; custom_padding=&#8221;|||&#8221; custom_padding__hover=&#8221;|||&#8221;][et_pb_text _builder_version=&#8221;4.4.1&#8243; header_2_font=&#8221;Open Sans|700|||||||&#8221; header_2_text_align=&#8221;center&#8221; header_2_text_color=&#8221;#808080&#8243; header_2_font_size=&#8221;32px&#8221; custom_margin=&#8221;||0px||false|false&#8221;] Comunicaci\u00f3n por correo electr\u00f3nico [\/et_pb_text][et_pb_divider color=&#8221;#808080&#8243; divider_weight=&#8221;2px&#8221; _builder_version=&#8221;4.0.6&#8243; module_alignment=&#8221;center&#8221; custom_margin=&#8221;10px||18px||false|false&#8221; custom_padding=&#8221;||||false|false&#8221;][\/et_pb_divider][\/et_pb_column][\/et_pb_row][et_pb_row _builder_version=&#8221;4.0.6&#8243;][et_pb_column type=&#8221;4_4&#8243; _builder_version=&#8221;3.25&#8243; custom_padding=&#8221;|||&#8221; custom_padding__hover=&#8221;|||&#8221;][et_pb_text _builder_version=&#8221;4.4.1&#8243; text_font=&#8221;||||||||&#8221; text_font_size=&#8221;16px&#8221; header_font=&#8221;||||||||&#8221; header_5_font=&#8221;|600|||||||&#8221; header_5_text_color=&#8221;#0c71c3&#8243; hover_enabled=&#8221;0&#8243;] La regulaci\u00f3n en materia de comunicaci\u00f3n de conductas irregulares o il\u00edcitas, as\u00ed como la normativa en [&hellip;]<\/p>\n","protected":false},"author":1,"featured_media":0,"parent":0,"menu_order":0,"comment_status":"closed","ping_status":"closed","template":"","meta":{"_et_pb_use_builder":"on","_et_pb_old_content":"","_et_gb_content_width":""},"_links":{"self":[{"href":"https:\/\/test.youreline.com\/es\/wp-json\/wp\/v2\/pages\/529"}],"collection":[{"href":"https:\/\/test.youreline.com\/es\/wp-json\/wp\/v2\/pages"}],"about":[{"href":"https:\/\/test.youreline.com\/es\/wp-json\/wp\/v2\/types\/page"}],"author":[{"embeddable":true,"href":"https:\/\/test.youreline.com\/es\/wp-json\/wp\/v2\/users\/1"}],"replies":[{"embeddable":true,"href":"https:\/\/test.youreline.com\/es\/wp-json\/wp\/v2\/comments?post=529"}],"version-history":[{"count":18,"href":"https:\/\/test.youreline.com\/es\/wp-json\/wp\/v2\/pages\/529\/revisions"}],"predecessor-version":[{"id":1672,"href":"https:\/\/test.youreline.com\/es\/wp-json\/wp\/v2\/pages\/529\/revisions\/1672"}],"wp:attachment":[{"href":"https:\/\/test.youreline.com\/es\/wp-json\/wp\/v2\/media?parent=529"}],"curies":[{"name":"wp","href":"https:\/\/api.w.org\/{rel}","templated":true}]}}