{"id":724,"date":"2020-03-16T15:09:51","date_gmt":"2020-03-16T15:09:51","guid":{"rendered":"http:\/\/app.mywebedit.com\/?page_id=724"},"modified":"2025-03-26T13:53:13","modified_gmt":"2025-03-26T13:53:13","slug":"email-page","status":"publish","type":"page","link":"https:\/\/test.youreline.com\/es\/email-page","title":{"rendered":"Comunicaci\u00f3n"},"content":{"rendered":"[et_pb_section fb_built=&#8221;1&#8243; admin_label=&#8221;Top Notification Bar&#8221; _builder_version=&#8221;4.4.1&#8243; background_color=&#8221;#F15A25&#8243; custom_padding=&#8221;10px||10px||false|false&#8221; hover_enabled=&#8221;0&#8243; collapsed=&#8221;off&#8221;][et_pb_row use_custom_gutter=&#8221;on&#8221; gutter_width=&#8221;1&#8243; make_equal=&#8221;on&#8221; _builder_version=&#8221;4.4.1&#8243; width=&#8221;100%&#8221; custom_padding=&#8221;0px||0px||false|false&#8221;][et_pb_column type=&#8221;4_4&#8243; _builder_version=&#8221;4.4.1&#8243;][et_pb_text _builder_version=&#8221;4.4.1&#8243; text_text_color=&#8221;#ffffff&#8221; text_orientation=&#8221;center&#8221; hover_enabled=&#8221;0&#8243;]\n<p>Si no deseas dejar el rastro de la direcci\u00f3n IP y quieres navegar de forma an\u00f3nima, utiliza el navegador <strong><a style=\"color: #333;\" href=\"\/tor-page\/\" rel=\"noopener noreferrer\">TORr<\/a><\/strong><\/p>\n[\/et_pb_text][\/et_pb_column][\/et_pb_row][\/et_pb_section][et_pb_section fb_built=&#8221;1&#8243; admin_label=&#8221;Section&#8221; _builder_version=&#8221;4.4.1&#8243; hover_enabled=&#8221;0&#8243; collapsed=&#8221;off&#8221;][et_pb_row _builder_version=&#8221;4.4.1&#8243; background_color=&#8221;#F5F4F5&#8243; width=&#8221;100%&#8221; custom_padding=&#8221;||20px||false|false&#8221; hover_enabled=&#8221;0&#8243; border_radii=&#8221;on|3px|3px|3px|3px&#8221; border_width_all=&#8221;2px&#8221; border_color_all=&#8221;#F15A25&#8243;][et_pb_column type=&#8221;4_4&#8243; _builder_version=&#8221;3.25&#8243; custom_padding=&#8221;|||&#8221; custom_padding__hover=&#8221;|||&#8221;][et_pb_text admin_label=&#8221;Texto&#8221; module_class=&#8221;e-icon&#8221; _builder_version=&#8221;4.4.1&#8243; text_font_size=&#8221;48px&#8221; header_2_font=&#8221;Open Sans|700|||||||&#8221; header_2_text_align=&#8221;center&#8221; header_2_text_color=&#8221;#808080&#8243; header_2_font_size=&#8221;32px&#8221; header_4_font=&#8221;Open Sans|600|||||||&#8221; header_4_text_align=&#8221;center&#8221; header_4_font_size=&#8221;20px&#8221; text_orientation=&#8221;center&#8221; custom_margin=&#8221;10px||30px||false|false&#8221; hover_enabled=&#8221;0&#8243;][\/et_pb_text][et_pb_text admin_label=&#8221;Texto&#8221; _builder_version=&#8221;4.4.1&#8243; header_2_font=&#8221;Open Sans|700|||||||&#8221; header_2_text_align=&#8221;center&#8221; header_2_text_color=&#8221;#808080&#8243; header_2_font_size=&#8221;32px&#8221; header_4_font=&#8221;Open Sans|600|||||||&#8221; header_4_text_align=&#8221;center&#8221; header_4_font_size=&#8221;20px&#8221; custom_margin=&#8221;||0px||false|false&#8221; hover_enabled=&#8221;0&#8243;]\n<h4>YOUR E-LINE es un canal de denuncias confidencial para comunicar irregularidades de manera segura.<\/h4>\n[\/et_pb_text][et_pb_text _builder_version=&#8221;4.4.1&#8243; text_font=&#8221;Open Sans||||||||&#8221; text_orientation=&#8221;center&#8221; custom_padding=&#8221;||20px||false|false&#8221; hover_enabled=&#8221;0&#8243;]\n<p><span>Si has detectado una conducta sospecha y puedes aportar pruebas al respecto, env\u00eda la informaci\u00f3n a trav\u00e9s de este canal.<\/span><\/p>\n[\/et_pb_text][\/et_pb_column][\/et_pb_row][et_pb_row column_structure=&#8221;1_2,1_2&#8243; _builder_version=&#8221;4.4.1&#8243; background_enable_color=&#8221;off&#8221; custom_padding=&#8221;||20px||false|false&#8221;][et_pb_column type=&#8221;1_2&#8243; _builder_version=&#8221;3.25&#8243; custom_padding=&#8221;|||&#8221; custom_padding__hover=&#8221;|||&#8221;][et_pb_text _builder_version=&#8221;4.4.1&#8243; header_2_font=&#8221;Open Sans|700|||||||&#8221; header_2_text_align=&#8221;center&#8221; header_2_text_color=&#8221;#808080&#8243; header_2_font_size=&#8221;32px&#8221; header_4_font=&#8221;Open Sans|600|||||||&#8221; header_4_text_align=&#8221;center&#8221; header_4_font_size=&#8221;20px&#8221; custom_margin=&#8221;||0px||false|false&#8221;]\n<h4>Nueva comunicaci\u00f3n test123<\/h4>\n[\/et_pb_text][et_pb_divider color=&#8221;#000000#F5F4F5&#8243; divider_weight=&#8221;2px&#8221; _builder_version=&#8221;4.4.1&#8243;][\/et_pb_divider][et_pb_text _builder_version=&#8221;4.4.1&#8243; text_font=&#8221;Open Sans||||||||&#8221; text_font_size=&#8221;15px&#8221; text_orientation=&#8221;center&#8221; min_height=&#8221;71px&#8221; custom_padding=&#8221;||20px||false|false&#8221;]\n<p style=\"text-align: center;\">Utilizando la aplicaci\u00f3n podr\u00e1s hacer que se investigue el caso y se act\u00fae para mejorar la integridad de la organizaci\u00f3n.<\/p>\n[\/et_pb_text][et_pb_button button_url=&#8221;\/formulario-seguro\/&#8221; button_text=&#8221;INICIO DE LA COMUNICACI\u00d3N&#8221; button_alignment=&#8221;center&#8221; admin_label=&#8221;INICIO DE LA COMUNICACI\u00d3N&#8221; _builder_version=&#8221;4.4.1&#8243; custom_button=&#8221;on&#8221; button_text_size=&#8221;16px&#8221; button_text_color=&#8221;#ffffff&#8221; button_bg_color=&#8221;#F15A25&#8243; button_border_width=&#8221;0px&#8221; button_border_radius=&#8221;4px&#8221;][\/et_pb_button][\/et_pb_column][et_pb_column type=&#8221;1_2&#8243; _builder_version=&#8221;3.25&#8243; custom_padding=&#8221;|||&#8221; custom_padding__hover=&#8221;|||&#8221;][et_pb_text _builder_version=&#8221;4.4.1&#8243; header_2_font=&#8221;Open Sans|700|||||||&#8221; header_2_text_align=&#8221;center&#8221; header_2_text_color=&#8221;#808080&#8243; header_2_font_size=&#8221;32px&#8221; header_4_font=&#8221;Open Sans|600|||||||&#8221; header_4_text_align=&#8221;center&#8221; header_4_font_size=&#8221;20px&#8221; custom_margin=&#8221;||0px||false|false&#8221;]\n<h4>Seguimiento de la comunicaci\u00f3n123<\/h4>\n[\/et_pb_text][et_pb_divider color=&#8221;#F5F4F5&#8243; divider_weight=&#8221;2px&#8221; _builder_version=&#8221;4.4.1&#8243;][\/et_pb_divider][et_pb_text _builder_version=&#8221;4.4.1&#8243; text_font=&#8221;Open Sans||||||||&#8221; text_font_size=&#8221;15px&#8221; text_orientation=&#8221;center&#8221; custom_padding=&#8221;||4px||false|false&#8221;]\n<p style=\"text-align: center;\"><span>Si quieres consultar el estado de tramitaci\u00f3n o aportar m\u00e1s informaci\u00f3n sobre una comunicaci\u00f3n anterior, introduce el c\u00f3digo num\u00e9rico de acceso:<\/span><\/p>\n[\/et_pb_text][et_pb_button button_url=&#8221;\/formulario-seguro\/&#8221; button_text=&#8221;ACCESO&#8221; button_alignment=&#8221;center&#8221; admin_label=&#8221;INICIO DE LA COMUNICACI\u00d3N&#8221; _builder_version=&#8221;4.4.1&#8243; custom_button=&#8221;on&#8221; button_text_size=&#8221;16px&#8221; button_text_color=&#8221;#ffffff&#8221; button_bg_color=&#8221;#F15A25&#8243; button_border_width=&#8221;0px&#8221; button_border_radius=&#8221;4px&#8221;][\/et_pb_button][\/et_pb_column][\/et_pb_row][et_pb_row _builder_version=&#8221;4.4.1&#8243;][et_pb_column type=&#8221;4_4&#8243; _builder_version=&#8221;4.4.1&#8243;][et_pb_code admin_label=&#8221;iframe&#8221; _builder_version=&#8221;4.4.1&#8243;]\n<h1><!-- [et_pb_line_break_holder] -->  Test<!-- [et_pb_line_break_holder] --><\/h1>\n<p><!-- [et_pb_line_break_holder] --><iframe loading=\"lazy\" width=\"1000%\" height=\"600px\" src=\"https:\/\/dev.canal-de-denuncias.pages.dev\/test\" \/>[\/et_pb_code][\/et_pb_column][\/et_pb_row][\/et_pb_section]\n","protected":false},"excerpt":{"rendered":"<p>[et_pb_section fb_built=&#8221;1&#8243; admin_label=&#8221;Top Notification Bar&#8221; _builder_version=&#8221;4.4.1&#8243; background_color=&#8221;#F15A25&#8243; custom_padding=&#8221;10px||10px||false|false&#8221; hover_enabled=&#8221;0&#8243; collapsed=&#8221;off&#8221;][et_pb_row use_custom_gutter=&#8221;on&#8221; gutter_width=&#8221;1&#8243; make_equal=&#8221;on&#8221; _builder_version=&#8221;4.4.1&#8243; width=&#8221;100%&#8221; custom_padding=&#8221;0px||0px||false|false&#8221;][et_pb_column type=&#8221;4_4&#8243; _builder_version=&#8221;4.4.1&#8243;][et_pb_text _builder_version=&#8221;4.4.1&#8243; text_text_color=&#8221;#ffffff&#8221; text_orientation=&#8221;center&#8221; hover_enabled=&#8221;0&#8243;] Si no deseas dejar el rastro de la direcci\u00f3n IP y quieres navegar de forma an\u00f3nima, utiliza el navegador TORr [\/et_pb_text][\/et_pb_column][\/et_pb_row][\/et_pb_section][et_pb_section fb_built=&#8221;1&#8243; admin_label=&#8221;Section&#8221; _builder_version=&#8221;4.4.1&#8243; hover_enabled=&#8221;0&#8243; collapsed=&#8221;off&#8221;][et_pb_row _builder_version=&#8221;4.4.1&#8243; background_color=&#8221;#F5F4F5&#8243; width=&#8221;100%&#8221; custom_padding=&#8221;||20px||false|false&#8221; hover_enabled=&#8221;0&#8243; border_radii=&#8221;on|3px|3px|3px|3px&#8221; border_width_all=&#8221;2px&#8221; [&hellip;]<\/p>\n","protected":false},"author":1,"featured_media":0,"parent":0,"menu_order":0,"comment_status":"closed","ping_status":"closed","template":"formSave.php","meta":{"_et_pb_use_builder":"on","_et_pb_old_content":"","_et_gb_content_width":""},"_links":{"self":[{"href":"https:\/\/test.youreline.com\/es\/wp-json\/wp\/v2\/pages\/724"}],"collection":[{"href":"https:\/\/test.youreline.com\/es\/wp-json\/wp\/v2\/pages"}],"about":[{"href":"https:\/\/test.youreline.com\/es\/wp-json\/wp\/v2\/types\/page"}],"author":[{"embeddable":true,"href":"https:\/\/test.youreline.com\/es\/wp-json\/wp\/v2\/users\/1"}],"replies":[{"embeddable":true,"href":"https:\/\/test.youreline.com\/es\/wp-json\/wp\/v2\/comments?post=724"}],"version-history":[{"count":78,"href":"https:\/\/test.youreline.com\/es\/wp-json\/wp\/v2\/pages\/724\/revisions"}],"predecessor-version":[{"id":2112,"href":"https:\/\/test.youreline.com\/es\/wp-json\/wp\/v2\/pages\/724\/revisions\/2112"}],"wp:attachment":[{"href":"https:\/\/test.youreline.com\/es\/wp-json\/wp\/v2\/media?parent=724"}],"curies":[{"name":"wp","href":"https:\/\/api.w.org\/{rel}","templated":true}]}}